{"id":21164,"date":"2025-05-05T11:32:39","date_gmt":"2025-05-05T11:32:39","guid":{"rendered":"https:\/\/mobecor.ee\/?post_type=product&#038;p=21164"},"modified":"2026-03-30T09:02:51","modified_gmt":"2026-03-30T06:02:51","slug":"kummut-pula-pl-01-k2d3sz","status":"publish","type":"product","link":"https:\/\/mobecor.ee\/en\/toode\/kummut-pula-pl-01-k2d3sz\/","title":{"rendered":"Kummut Pula PL-01 K2D3SZ (150\/41\/80)"},"content":{"rendered":"<p>Kummutil\u00a0on 2 ust ja 3 sahtlit.<br \/>\nUksed on vaikselt sulguvad.<br \/>\nEsipinnad: kvaliteetne ja vastupidav m\u00f6\u00f6bliplaat 16 mm.<br \/>\nKorpus:\u00a0kvaliteetne ja vastupidav m\u00f6\u00f6bliplaat 16 mm.<br \/>\nV\u00e4rv: Navy Blue (tumesinine).<br \/>\nTagasein: HDF 3 mm.<br \/>\nServad: ABS.<br \/>\nK\u00e4epidemed: metallist, v\u00e4rvus &#8211; kuldne bee\u017e.<br \/>\nJalad: metallist, v\u00e4rvus &#8211; kuldne bee\u017e.<br \/>\nToode tarnitakse detailidena.<br \/>\nToodetud: Poolas.<\/p>\n","protected":false},"excerpt":{"rendered":"<p>Laius:\u00a0150 cm.<br \/>\nS\u00fcgavus: 41 cm.<br \/>\nK\u00f5rgus:\u00a080 cm.<br \/>\nKaal: 58 kg.<br \/>\n<strong>Tarneaeg: laos kohe olemas.<\/strong><\/p>\n","protected":false},"featured_media":10326,"template":"","meta":{"_acf_changed":false,"inline_featured_image":false},"series":[2820],"product_brand":[2954],"product_cat":[36,2928],"product_tag":[],"class_list":{"0":"post-21164","1":"product","2":"type-product","3":"status-publish","4":"has-post-thumbnail","6":"series-pula","7":"product_brand-gib","8":"product_cat-kummutid","9":"product_cat-kummutid-ja-kapid-laos","11":"first","12":"instock","13":"sale","14":"taxable","15":"shipping-taxable","16":"purchasable","17":"product-type-simple"},"acf":[],"_links":{"self":[{"href":"https:\/\/mobecor.ee\/en\/wp-json\/wp\/v2\/product\/21164","targetHints":{"allow":["GET"]}}],"collection":[{"href":"https:\/\/mobecor.ee\/en\/wp-json\/wp\/v2\/product"}],"about":[{"href":"https:\/\/mobecor.ee\/en\/wp-json\/wp\/v2\/types\/product"}],"wp:featuredmedia":[{"embeddable":true,"href":"https:\/\/mobecor.ee\/en\/wp-json\/wp\/v2\/media\/10326"}],"wp:attachment":[{"href":"https:\/\/mobecor.ee\/en\/wp-json\/wp\/v2\/media?parent=21164"}],"wp:term":[{"taxonomy":"series","embeddable":true,"href":"https:\/\/mobecor.ee\/en\/wp-json\/wp\/v2\/series?post=21164"},{"taxonomy":"product_brand","embeddable":true,"href":"https:\/\/mobecor.ee\/en\/wp-json\/wp\/v2\/product_brand?post=21164"},{"taxonomy":"product_cat","embeddable":true,"href":"https:\/\/mobecor.ee\/en\/wp-json\/wp\/v2\/product_cat?post=21164"},{"taxonomy":"product_tag","embeddable":true,"href":"https:\/\/mobecor.ee\/en\/wp-json\/wp\/v2\/product_tag?post=21164"}],"curies":[{"name":"wp","href":"https:\/\/api.w.org\/{rel}","templated":true}]}}