{"id":21168,"date":"2025-05-05T11:32:58","date_gmt":"2025-05-05T11:32:58","guid":{"rendered":"https:\/\/mobecor.ee\/?post_type=product&#038;p=21168"},"modified":"2026-04-10T10:28:18","modified_gmt":"2026-04-10T07:28:18","slug":"diivanilaud-sigma-b","status":"publish","type":"product","link":"https:\/\/mobecor.ee\/en\/toode\/diivanilaud-sigma-b\/","title":{"rendered":"Diivanilaud Sigma B SM-02 (84,2\/84,2\/43)"},"content":{"rendered":"<p>\u00dcmmargune diivanilaud kahe plaadiga.<br \/>\nLauaplaat: kvaliteetne ja vastupidav\u00a0puitlaastplaat 32 mm.<br \/>\nV\u00e4rvivalik: valge matt; must matt; tamm Artisan; tamm Captains Deck; valge l\u00e4ikiv; must l\u00e4ikiv.<br \/>\nServad: ABS.<br \/>\nJalad ja raam: metallist, v\u00e4rvus \u2013 must.<br \/>\nToode tarnitakse detailidena.<br \/>\nToodetud: Poolas.<\/p>\n","protected":false},"excerpt":{"rendered":"<p>Lauaplaadi l\u00e4bim\u00f5\u00f5t: 80 cm.<br \/>\nLaua laius koos jalgadega:\u00a084,2\u00a0cm.<br \/>\nLaua s\u00fcgavus koos jalgadega:\u00a084,2 cm.<br \/>\nK\u00f5rgus: 43 cm.<br \/>\nKaal:\u00a029 kg.<br \/>\nTarneaeg: 4-8 n\u00e4dalat.<\/p>\n","protected":false},"featured_media":50078,"template":"","meta":{"_acf_changed":false,"inline_featured_image":false},"series":[],"product_brand":[2954],"product_cat":[37],"product_tag":[],"class_list":{"0":"post-21168","1":"product","2":"type-product","3":"status-publish","4":"has-post-thumbnail","6":"product_brand-gib","7":"product_cat-diivanilauad","9":"first","10":"instock","11":"taxable","12":"shipping-taxable","13":"purchasable","14":"product-type-variable"},"acf":[],"_links":{"self":[{"href":"https:\/\/mobecor.ee\/en\/wp-json\/wp\/v2\/product\/21168","targetHints":{"allow":["GET"]}}],"collection":[{"href":"https:\/\/mobecor.ee\/en\/wp-json\/wp\/v2\/product"}],"about":[{"href":"https:\/\/mobecor.ee\/en\/wp-json\/wp\/v2\/types\/product"}],"wp:featuredmedia":[{"embeddable":true,"href":"https:\/\/mobecor.ee\/en\/wp-json\/wp\/v2\/media\/50078"}],"wp:attachment":[{"href":"https:\/\/mobecor.ee\/en\/wp-json\/wp\/v2\/media?parent=21168"}],"wp:term":[{"taxonomy":"series","embeddable":true,"href":"https:\/\/mobecor.ee\/en\/wp-json\/wp\/v2\/series?post=21168"},{"taxonomy":"product_brand","embeddable":true,"href":"https:\/\/mobecor.ee\/en\/wp-json\/wp\/v2\/product_brand?post=21168"},{"taxonomy":"product_cat","embeddable":true,"href":"https:\/\/mobecor.ee\/en\/wp-json\/wp\/v2\/product_cat?post=21168"},{"taxonomy":"product_tag","embeddable":true,"href":"https:\/\/mobecor.ee\/en\/wp-json\/wp\/v2\/product_tag?post=21168"}],"curies":[{"name":"wp","href":"https:\/\/api.w.org\/{rel}","templated":true}]}}