{"id":21170,"date":"2025-05-05T11:33:08","date_gmt":"2025-05-05T11:33:08","guid":{"rendered":"https:\/\/mobecor.ee\/?post_type=product&#038;p=21170"},"modified":"2026-04-10T10:33:41","modified_gmt":"2026-04-10T07:33:41","slug":"diivanilaud-sigma-a-sm-01","status":"publish","type":"product","link":"https:\/\/mobecor.ee\/en\/toode\/diivanilaud-sigma-a-sm-01\/","title":{"rendered":"Diivanilaud Sigma A SM-01 (84,2\/84,2\/43)"},"content":{"rendered":"<p>\u00dcmmargune diivanilaud \u00fche plaadiga.<br \/>\nLauaplaat: kvaliteetne ja vastupidav\u00a0puitlaastplaat 32 mm.<br \/>\nV\u00e4rvivalik: valge matt; must matt; tamm Artisan; tamm Captains Deck; valge l\u00e4ikiv; must l\u00e4ikiv.<br \/>\nServad: ABS.<br \/>\nJalad ja raam: metallist, v\u00e4rvus \u2013 must.<br \/>\nToode tarnitakse detailidena.<br \/>\nToodetud: Poolas.<\/p>\n","protected":false},"excerpt":{"rendered":"<p>Lauaplaadi l\u00e4bim\u00f5\u00f5t: 80 cm.<br \/>\nLaua laius koos jalgadega:\u00a084,2\u00a0cm.<br \/>\nLaua s\u00fcgavus koos jalgadega:\u00a084,2 cm.<br \/>\nK\u00f5rgus: 43 cm.<br \/>\nKaal: 16,5 kg.<br \/>\nTarneaeg:\u00a04-8 n\u00e4dalat.<\/p>\n","protected":false},"featured_media":10338,"template":"","meta":{"_acf_changed":false,"inline_featured_image":false},"series":[],"product_brand":[2954],"product_cat":[37],"product_tag":[],"class_list":{"0":"post-21170","1":"product","2":"type-product","3":"status-publish","4":"has-post-thumbnail","6":"product_brand-gib","7":"product_cat-diivanilauad","9":"first","10":"instock","11":"taxable","12":"shipping-taxable","13":"purchasable","14":"product-type-variable"},"acf":[],"_links":{"self":[{"href":"https:\/\/mobecor.ee\/en\/wp-json\/wp\/v2\/product\/21170","targetHints":{"allow":["GET"]}}],"collection":[{"href":"https:\/\/mobecor.ee\/en\/wp-json\/wp\/v2\/product"}],"about":[{"href":"https:\/\/mobecor.ee\/en\/wp-json\/wp\/v2\/types\/product"}],"wp:featuredmedia":[{"embeddable":true,"href":"https:\/\/mobecor.ee\/en\/wp-json\/wp\/v2\/media\/10338"}],"wp:attachment":[{"href":"https:\/\/mobecor.ee\/en\/wp-json\/wp\/v2\/media?parent=21170"}],"wp:term":[{"taxonomy":"series","embeddable":true,"href":"https:\/\/mobecor.ee\/en\/wp-json\/wp\/v2\/series?post=21170"},{"taxonomy":"product_brand","embeddable":true,"href":"https:\/\/mobecor.ee\/en\/wp-json\/wp\/v2\/product_brand?post=21170"},{"taxonomy":"product_cat","embeddable":true,"href":"https:\/\/mobecor.ee\/en\/wp-json\/wp\/v2\/product_cat?post=21170"},{"taxonomy":"product_tag","embeddable":true,"href":"https:\/\/mobecor.ee\/en\/wp-json\/wp\/v2\/product_tag?post=21170"}],"curies":[{"name":"wp","href":"https:\/\/api.w.org\/{rel}","templated":true}]}}