{"id":21172,"date":"2025-05-05T11:33:19","date_gmt":"2025-05-05T11:33:19","guid":{"rendered":"https:\/\/mobecor.ee\/?post_type=product&#038;p=21172"},"modified":"2026-02-12T09:15:53","modified_gmt":"2026-02-12T07:15:53","slug":"riidekapp-goldin-01","status":"publish","type":"product","link":"https:\/\/mobecor.ee\/en\/toode\/riidekapp-goldin-01\/","title":{"rendered":"Riidekapp Goldin 01 (92\/53\/190)"},"content":{"rendered":"<p>Riidekapil on 2 ust ja\u00a01 sahtel.<br \/>\nUste taga on riidepuutoru ja m\u00fctsiriiul.<br \/>\nEsipinnad on valmistatud valget v\u00e4rvi l\u00e4ikivast MDF plaadist, paksusega 19 mm.<br \/>\nEsipindade v\u00e4rv: valge.<br \/>\nServad on viimistletud vastupidava ABS spooniga, mis on vastupidav igap\u00e4evasele kasutamisele.<br \/>\nKorpus: lamineeritud m\u00f6\u00f6bliplaat 16 mm; v\u00e4rv &#8211; valge.<br \/>\nK\u00e4epidemed: kuldset v\u00e4rvi metallist.<br \/>\nJalad: kuldset v\u00e4rvi metallist.<br \/>\nJalgade k\u00f5rgus: 18 cm.<br \/>\nUksed on vaikselt sulguvad.<br \/>\nSahtel on t\u00e4ispikendatav ja suurendatud kandev\u00f5imega.<br \/>\nToode tarnitakse detailidena.<br \/>\nToodetud: Poolas.<\/p>\n","protected":false},"excerpt":{"rendered":"<p>Laius:\u00a092 cm.<br \/>\nS\u00fcgavus:\u00a053 cm.<br \/>\nK\u00f5rgus:\u00a0190 cm.<br \/>\nTarneaeg:\u00a04-8 n\u00e4dalat.<\/p>\n","protected":false},"featured_media":73360,"template":"","meta":{"_acf_changed":false,"inline_featured_image":false},"series":[2754],"product_brand":[2938],"product_cat":[94,327],"product_tag":[],"class_list":{"0":"post-21172","1":"product","2":"type-product","3":"status-publish","4":"has-post-thumbnail","6":"series-goldin","7":"product_brand-ml-meble","8":"product_cat-riidekapid","9":"product_cat-2-uksega-kapid","11":"first","12":"instock","13":"taxable","14":"shipping-taxable","15":"purchasable","16":"product-type-simple"},"acf":[],"_links":{"self":[{"href":"https:\/\/mobecor.ee\/en\/wp-json\/wp\/v2\/product\/21172","targetHints":{"allow":["GET"]}}],"collection":[{"href":"https:\/\/mobecor.ee\/en\/wp-json\/wp\/v2\/product"}],"about":[{"href":"https:\/\/mobecor.ee\/en\/wp-json\/wp\/v2\/types\/product"}],"wp:featuredmedia":[{"embeddable":true,"href":"https:\/\/mobecor.ee\/en\/wp-json\/wp\/v2\/media\/73360"}],"wp:attachment":[{"href":"https:\/\/mobecor.ee\/en\/wp-json\/wp\/v2\/media?parent=21172"}],"wp:term":[{"taxonomy":"series","embeddable":true,"href":"https:\/\/mobecor.ee\/en\/wp-json\/wp\/v2\/series?post=21172"},{"taxonomy":"product_brand","embeddable":true,"href":"https:\/\/mobecor.ee\/en\/wp-json\/wp\/v2\/product_brand?post=21172"},{"taxonomy":"product_cat","embeddable":true,"href":"https:\/\/mobecor.ee\/en\/wp-json\/wp\/v2\/product_cat?post=21172"},{"taxonomy":"product_tag","embeddable":true,"href":"https:\/\/mobecor.ee\/en\/wp-json\/wp\/v2\/product_tag?post=21172"}],"curies":[{"name":"wp","href":"https:\/\/api.w.org\/{rel}","templated":true}]}}