{"id":21173,"date":"2025-05-05T11:33:23","date_gmt":"2025-05-05T11:33:23","guid":{"rendered":"https:\/\/mobecor.ee\/?post_type=product&#038;p=21173"},"modified":"2026-02-12T09:15:45","modified_gmt":"2026-02-12T07:15:45","slug":"vitriinkapp-goldin-02","status":"publish","type":"product","link":"https:\/\/mobecor.ee\/en\/toode\/vitriinkapp-goldin-02\/","title":{"rendered":"Vitriinkapp Goldin 02 (55\/40\/190)"},"content":{"rendered":"<p>Vitriinkapil on 1 osaliselt klaasiga uks ja 2 sahtlit.<br \/>\nKokku monteerimisel v\u00f5imalik valida ukse avanemise poolt &#8211; paremale v\u00f5i vasakule.<br \/>\nUkse taga on klaasist riiulid.<br \/>\nLed valgustus standardvarustuses.<br \/>\nEsipinnad on valmistatud valget v\u00e4rvi l\u00e4ikivast MDF plaadist, paksusega 19 mm + karastatud klaas.<br \/>\nEsipindade v\u00e4rv: valge.<br \/>\nServad on viimistletud vastupidava ABS spooniga, mis on vastupidav igap\u00e4evasele kasutamisele.<br \/>\nKorpus: lamineeritud m\u00f6\u00f6bliplaat 16 mm; v\u00e4rv &#8211; valge.<br \/>\nK\u00e4epidemed: kuldset v\u00e4rvi metallist.<br \/>\nJalad: kuldset v\u00e4rvi metallist.<br \/>\nJalgade k\u00f5rgus: 18 cm.<br \/>\nUks on vaikselt sulguv.<br \/>\nSahtlid on t\u00e4ispikendatavad.<br \/>\nToode tarnitakse detailidena.<br \/>\nToodetud: Poolas.<\/p>\n","protected":false},"excerpt":{"rendered":"<p>Laius: 55 cm.<br \/>\nS\u00fcgavus: 40 cm.<br \/>\nK\u00f5rgus:\u00a0190 cm.<br \/>\nTarneaeg:\u00a04-8 n\u00e4dalat.<\/p>\n","protected":false},"featured_media":73365,"template":"","meta":{"_acf_changed":false,"inline_featured_image":false},"series":[2754],"product_brand":[2938],"product_cat":[33],"product_tag":[],"class_list":{"0":"post-21173","1":"product","2":"type-product","3":"status-publish","4":"has-post-thumbnail","6":"series-goldin","7":"product_brand-ml-meble","8":"product_cat-vitriinid","10":"first","11":"instock","12":"taxable","13":"shipping-taxable","14":"purchasable","15":"product-type-simple"},"acf":[],"_links":{"self":[{"href":"https:\/\/mobecor.ee\/en\/wp-json\/wp\/v2\/product\/21173","targetHints":{"allow":["GET"]}}],"collection":[{"href":"https:\/\/mobecor.ee\/en\/wp-json\/wp\/v2\/product"}],"about":[{"href":"https:\/\/mobecor.ee\/en\/wp-json\/wp\/v2\/types\/product"}],"wp:featuredmedia":[{"embeddable":true,"href":"https:\/\/mobecor.ee\/en\/wp-json\/wp\/v2\/media\/73365"}],"wp:attachment":[{"href":"https:\/\/mobecor.ee\/en\/wp-json\/wp\/v2\/media?parent=21173"}],"wp:term":[{"taxonomy":"series","embeddable":true,"href":"https:\/\/mobecor.ee\/en\/wp-json\/wp\/v2\/series?post=21173"},{"taxonomy":"product_brand","embeddable":true,"href":"https:\/\/mobecor.ee\/en\/wp-json\/wp\/v2\/product_brand?post=21173"},{"taxonomy":"product_cat","embeddable":true,"href":"https:\/\/mobecor.ee\/en\/wp-json\/wp\/v2\/product_cat?post=21173"},{"taxonomy":"product_tag","embeddable":true,"href":"https:\/\/mobecor.ee\/en\/wp-json\/wp\/v2\/product_tag?post=21173"}],"curies":[{"name":"wp","href":"https:\/\/api.w.org\/{rel}","templated":true}]}}