{"id":21188,"date":"2025-05-05T11:34:00","date_gmt":"2025-05-05T11:34:00","guid":{"rendered":"https:\/\/mobecor.ee\/?post_type=product&#038;p=21188"},"modified":"2026-04-02T14:27:24","modified_gmt":"2026-04-02T11:27:24","slug":"kapp-cozy-15-veiniriiuliga","status":"publish","type":"product","link":"https:\/\/mobecor.ee\/en\/toode\/kapp-cozy-15-veiniriiuliga\/","title":{"rendered":"Kapp Cozy 15 veiniriiuliga (100\/50\/140)"},"content":{"rendered":"<p>Kapil on 1 uks ja avatud riiuliosa (veiniriiul).<br \/>\nEsipinnad: t\u00e4ispuit + naturaalse kalasabamustrilise tammespooniga m\u00f6\u00f6bliplaat.<br \/>\nKorpus:\u00a0naturaalse tammespooniga v\u00e4lism\u00f6\u00f6bliplaat; sees &#8211; fooliumkattega\u00a0m\u00f6\u00f6bliplaat.<br \/>\nV\u00e4rv: \u00f5litatud rustikaalne tamm.<br \/>\nK\u00e4epide: metallist, matt must.<br \/>\nUks on vaikselt sulguv.<br \/>\nToode tarnitakse kokkupanduna.<br \/>\nToodetud: Poolas.<span style=\"font-size: 10pt;\"><br \/>\n<\/span><\/p>\n","protected":false},"excerpt":{"rendered":"<p>Laius: 100 cm.<br \/>\nS\u00fcgavus:\u00a050 cm.<br \/>\nK\u00f5rgus: 140 cm.<br \/>\nTarneaeg: 4-8 n\u00e4dalat<\/p>\n","protected":false},"featured_media":10374,"template":"","meta":{"_acf_changed":false,"inline_featured_image":false},"series":[2741],"product_brand":[2941],"product_cat":[68],"product_tag":[],"class_list":{"0":"post-21188","1":"product","2":"type-product","3":"status-publish","4":"has-post-thumbnail","6":"series-cozy","7":"product_brand-szynaka","8":"product_cat-riiulid-ja-kapid","10":"first","11":"instock","12":"taxable","13":"shipping-taxable","14":"purchasable","15":"product-type-simple"},"acf":[],"_links":{"self":[{"href":"https:\/\/mobecor.ee\/en\/wp-json\/wp\/v2\/product\/21188","targetHints":{"allow":["GET"]}}],"collection":[{"href":"https:\/\/mobecor.ee\/en\/wp-json\/wp\/v2\/product"}],"about":[{"href":"https:\/\/mobecor.ee\/en\/wp-json\/wp\/v2\/types\/product"}],"wp:featuredmedia":[{"embeddable":true,"href":"https:\/\/mobecor.ee\/en\/wp-json\/wp\/v2\/media\/10374"}],"wp:attachment":[{"href":"https:\/\/mobecor.ee\/en\/wp-json\/wp\/v2\/media?parent=21188"}],"wp:term":[{"taxonomy":"series","embeddable":true,"href":"https:\/\/mobecor.ee\/en\/wp-json\/wp\/v2\/series?post=21188"},{"taxonomy":"product_brand","embeddable":true,"href":"https:\/\/mobecor.ee\/en\/wp-json\/wp\/v2\/product_brand?post=21188"},{"taxonomy":"product_cat","embeddable":true,"href":"https:\/\/mobecor.ee\/en\/wp-json\/wp\/v2\/product_cat?post=21188"},{"taxonomy":"product_tag","embeddable":true,"href":"https:\/\/mobecor.ee\/en\/wp-json\/wp\/v2\/product_tag?post=21188"}],"curies":[{"name":"wp","href":"https:\/\/api.w.org\/{rel}","templated":true}]}}