{"id":21193,"date":"2025-05-05T11:34:07","date_gmt":"2025-05-05T11:34:07","guid":{"rendered":"https:\/\/mobecor.ee\/?post_type=product&#038;p=21193"},"modified":"2025-09-22T10:03:05","modified_gmt":"2025-09-22T07:03:05","slug":"kummut-cozy-45","status":"publish","type":"product","link":"https:\/\/mobecor.ee\/en\/toode\/kummut-cozy-45\/","title":{"rendered":"Kummut Cozy 45 (140\/42\/90)"},"content":{"rendered":"<p><span style=\"font-size: 10pt;\">Kummutil on 3 ust.<br \/>\n<\/span><span style=\"font-size: 10pt;\">Keskmine uks on klaasiga.<br \/>\n<\/span><span style=\"font-size: 10pt;\">Klaasiga ukse taga on tugevast karastatud klaasist riiulid.<br \/>\n<\/span><span style=\"font-size: 10pt;\">Led valgustus klaasist riiulitele kuulub standardvarustusse.<br \/>\n<\/span><span style=\"font-size: 10pt;\">Esipinnad: t\u00e4ispuit + naturaalse kalasabamustrilise tammespooniga m\u00f6\u00f6bliplaat + klaas.<br \/>\n<\/span><span style=\"font-size: 10pt;\">Korpus:\u00a0naturaalse tammespooniga v\u00e4lism\u00f6\u00f6bliplaat; sees &#8211; fooliumkattega\u00a0m\u00f6\u00f6bliplaat.<br \/>\n<\/span><span style=\"font-size: 10pt;\">V\u00e4rv: \u00f5litatud rustikaalne tamm.<br \/>\n<\/span><span style=\"font-size: 10pt;\">K\u00e4epidemed: metallist, matt mustad.<br \/>\n<\/span><span style=\"font-size: 10pt;\">Uksed on vaikselt sulguvad.<br \/>\n<\/span><span style=\"font-size: 10pt;\">Toode tarnitakse kokkupanduna.<br \/>\n<\/span><span style=\"font-size: 10pt;\">Toodetud: Poolas.<br \/>\n<\/span><\/p>\n","protected":false},"excerpt":{"rendered":"<p><span style=\"font-size: 10pt;\">Laius: 140 cm.<br \/>\n<\/span><span style=\"font-size: 10pt;\">S\u00fcgavus:\u00a042 cm.<br \/>\n<\/span><span style=\"font-size: 10pt;\">K\u00f5rgus:\u00a090 cm.<br \/>\n<\/span><span style=\"font-size: 10pt;\">Tarneaeg: 4-8 n\u00e4dalat.<\/span><\/p>\n","protected":false},"featured_media":10384,"template":"","meta":{"_acf_changed":false,"inline_featured_image":false},"series":[2741],"product_brand":[2941],"product_cat":[36],"product_tag":[],"class_list":{"0":"post-21193","1":"product","2":"type-product","3":"status-publish","4":"has-post-thumbnail","6":"series-cozy","7":"product_brand-szynaka","8":"product_cat-kummutid","10":"first","11":"instock","12":"taxable","13":"shipping-taxable","14":"purchasable","15":"product-type-simple"},"acf":[],"_links":{"self":[{"href":"https:\/\/mobecor.ee\/en\/wp-json\/wp\/v2\/product\/21193","targetHints":{"allow":["GET"]}}],"collection":[{"href":"https:\/\/mobecor.ee\/en\/wp-json\/wp\/v2\/product"}],"about":[{"href":"https:\/\/mobecor.ee\/en\/wp-json\/wp\/v2\/types\/product"}],"wp:featuredmedia":[{"embeddable":true,"href":"https:\/\/mobecor.ee\/en\/wp-json\/wp\/v2\/media\/10384"}],"wp:attachment":[{"href":"https:\/\/mobecor.ee\/en\/wp-json\/wp\/v2\/media?parent=21193"}],"wp:term":[{"taxonomy":"series","embeddable":true,"href":"https:\/\/mobecor.ee\/en\/wp-json\/wp\/v2\/series?post=21193"},{"taxonomy":"product_brand","embeddable":true,"href":"https:\/\/mobecor.ee\/en\/wp-json\/wp\/v2\/product_brand?post=21193"},{"taxonomy":"product_cat","embeddable":true,"href":"https:\/\/mobecor.ee\/en\/wp-json\/wp\/v2\/product_cat?post=21193"},{"taxonomy":"product_tag","embeddable":true,"href":"https:\/\/mobecor.ee\/en\/wp-json\/wp\/v2\/product_tag?post=21193"}],"curies":[{"name":"wp","href":"https:\/\/api.w.org\/{rel}","templated":true}]}}