{"id":21204,"date":"2025-05-05T11:34:31","date_gmt":"2025-05-05T11:34:31","guid":{"rendered":"https:\/\/mobecor.ee\/?post_type=product&#038;p=21204"},"modified":"2025-12-30T12:25:38","modified_gmt":"2025-12-30T10:25:38","slug":"tv-alus-limbo-25","status":"publish","type":"product","link":"https:\/\/mobecor.ee\/en\/toode\/tv-alus-limbo-25\/","title":{"rendered":"Tv-alus Limbo 25 (160\/42\/53)"},"content":{"rendered":"<p>Tv-alusel on 1 uks ja 1 sahtel.<br \/>\nUks ja sahtel on vaikselt sulguvad.<br \/>\nEsipinnad: tamme t\u00e4ispuit.<br \/>\nKorpus:\u00a0naturaalse tammespooniga v\u00e4lism\u00f6\u00f6bliplaat; sees \u2013 fooliumkattega\u00a0m\u00f6\u00f6bliplaat.<br \/>\nV\u00e4rv: wild oak\/artisan oil.<br \/>\nK\u00e4epidemed: metallist, v\u00e4rv \u2013 matt must.<br \/>\nJalad:\u00a0metallist, v\u00e4rv \u2013 matt must.<br \/>\nToode tarnitakse kokkupanduna.<br \/>\nToodetud: Poolas.<\/p>\n","protected":false},"excerpt":{"rendered":"<p>Laius:\u00a0160 cm.<br \/>\nS\u00fcgavus:\u00a042 cm.<br \/>\nK\u00f5rgus:\u00a053 cm.<br \/>\nTarneaeg: laos kohe olemas.<\/p>\n","protected":false},"featured_media":10406,"template":"","meta":{"_acf_changed":false,"inline_featured_image":false},"series":[],"product_brand":[2941],"product_cat":[34,2922],"product_tag":[],"class_list":{"0":"post-21204","1":"product","2":"type-product","3":"status-publish","4":"has-post-thumbnail","6":"product_brand-szynaka","7":"product_cat-tv-alused","8":"product_cat-tv-alused-laos","10":"first","11":"instock","12":"sale","13":"taxable","14":"shipping-taxable","15":"purchasable","16":"product-type-simple"},"acf":[],"_links":{"self":[{"href":"https:\/\/mobecor.ee\/en\/wp-json\/wp\/v2\/product\/21204","targetHints":{"allow":["GET"]}}],"collection":[{"href":"https:\/\/mobecor.ee\/en\/wp-json\/wp\/v2\/product"}],"about":[{"href":"https:\/\/mobecor.ee\/en\/wp-json\/wp\/v2\/types\/product"}],"wp:featuredmedia":[{"embeddable":true,"href":"https:\/\/mobecor.ee\/en\/wp-json\/wp\/v2\/media\/10406"}],"wp:attachment":[{"href":"https:\/\/mobecor.ee\/en\/wp-json\/wp\/v2\/media?parent=21204"}],"wp:term":[{"taxonomy":"series","embeddable":true,"href":"https:\/\/mobecor.ee\/en\/wp-json\/wp\/v2\/series?post=21204"},{"taxonomy":"product_brand","embeddable":true,"href":"https:\/\/mobecor.ee\/en\/wp-json\/wp\/v2\/product_brand?post=21204"},{"taxonomy":"product_cat","embeddable":true,"href":"https:\/\/mobecor.ee\/en\/wp-json\/wp\/v2\/product_cat?post=21204"},{"taxonomy":"product_tag","embeddable":true,"href":"https:\/\/mobecor.ee\/en\/wp-json\/wp\/v2\/product_tag?post=21204"}],"curies":[{"name":"wp","href":"https:\/\/api.w.org\/{rel}","templated":true}]}}