{"id":21252,"date":"2025-05-05T11:37:57","date_gmt":"2025-05-05T11:37:57","guid":{"rendered":"https:\/\/mobecor.ee\/?post_type=product&#038;p=21252"},"modified":"2026-04-13T08:36:34","modified_gmt":"2026-04-13T05:36:34","slug":"ohupuhastikapp-kammono-m4-wp3-60-1-90","status":"publish","type":"product","link":"https:\/\/mobecor.ee\/en\/toode\/ohupuhastikapp-kammono-m4-wp3-60-1-90\/","title":{"rendered":"\u00d5hupuhastikapp Kammono M4 WP3.60.1\/90 + \u00f5hupuhasti P3"},"content":{"rendered":"<p>1-uksega \u00f5hupuhastikapp.<br \/>\nEsipind\u00a0on valmistatud akr\u00fc\u00fclkattega m\u00f6\u00f6bliplaadist (18mm).<br \/>\nEsipind\u00a0on n\u00e4puj\u00e4ljevaba ja kriimustuskindel.<br \/>\nKahepoolselt viimistletud (m\u00f5lemad pooled sama v\u00e4rvi), puudutades sametised.<br \/>\nServadel ABS kant.<br \/>\nEsipindade v\u00e4rvivalik: Breeze Beige; Sahara Cream; Ice Grey; Macaron Green; Safari Grey; Rustic Red; Havana Coffee; Victoria Grey; Forest Green; Pearl Black; Bitter; Royal Grey; Linden; Sky Blue; Olive Green.<br \/>\nKorpus: m\u00f6\u00f6bliplaadist (16 mm).<br \/>\n<span lang=\"et-EE\">Korpuse v\u00e4rvivalik: valge; hall; <span lang=\"et-EE\">kaszmir B (bee\u017e); cappuccino; must<\/span>.<\/span><br \/>\n<span lang=\"et-EE\">Uks on vaikselt sulguv.<\/span><br \/>\n<span lang=\"et-EE\">K\u00e4epide: metallist.<\/span><br \/>\nToodetud: Poolas.<br \/>\nToode tarnitakse detailidena.<\/p>\n","protected":false},"excerpt":{"rendered":"<p>Laius: 60 cm.<br \/>\nS\u00fcgavus:\u00a032 cm.<br \/>\nK\u00f5rgus: 90 cm.<br \/>\nTarneaeg: 4-8 n\u00e4dalat.<br \/>\n<strong>Komplekti kuulub \u00f5hupuhasti P3B (valge) v\u00f5i P3C (must).<\/strong><br \/>\n<strong>S\u00fcsinikfilter: ei kuulu komplekti (valikuline lisavarustus, lisatasu eest).<\/strong><br \/>\n\u00d5hupuhasti P3:\u00a0V\u00f5imsus: 610 m\/h.\u00a0Kiirused: 3.\u00a0Valgustus: integreeritud 5W LED-riba<br \/>\nMinimaalne paigaldusk\u00f5rgus induktsioonpliidi kohal = 50 cm.<\/p>\n","protected":false},"featured_media":10232,"template":"","meta":{"_acf_changed":false,"inline_featured_image":false},"series":[],"product_brand":[2952],"product_cat":[288],"product_tag":[],"class_list":{"0":"post-21252","1":"product","2":"type-product","3":"status-publish","4":"has-post-thumbnail","6":"product_brand-meblekam","7":"product_cat-kammono-m4-seinakapid","9":"first","10":"instock","11":"taxable","12":"shipping-taxable","13":"purchasable","14":"product-type-variable"},"acf":[],"_links":{"self":[{"href":"https:\/\/mobecor.ee\/en\/wp-json\/wp\/v2\/product\/21252","targetHints":{"allow":["GET"]}}],"collection":[{"href":"https:\/\/mobecor.ee\/en\/wp-json\/wp\/v2\/product"}],"about":[{"href":"https:\/\/mobecor.ee\/en\/wp-json\/wp\/v2\/types\/product"}],"wp:featuredmedia":[{"embeddable":true,"href":"https:\/\/mobecor.ee\/en\/wp-json\/wp\/v2\/media\/10232"}],"wp:attachment":[{"href":"https:\/\/mobecor.ee\/en\/wp-json\/wp\/v2\/media?parent=21252"}],"wp:term":[{"taxonomy":"series","embeddable":true,"href":"https:\/\/mobecor.ee\/en\/wp-json\/wp\/v2\/series?post=21252"},{"taxonomy":"product_brand","embeddable":true,"href":"https:\/\/mobecor.ee\/en\/wp-json\/wp\/v2\/product_brand?post=21252"},{"taxonomy":"product_cat","embeddable":true,"href":"https:\/\/mobecor.ee\/en\/wp-json\/wp\/v2\/product_cat?post=21252"},{"taxonomy":"product_tag","embeddable":true,"href":"https:\/\/mobecor.ee\/en\/wp-json\/wp\/v2\/product_tag?post=21252"}],"curies":[{"name":"wp","href":"https:\/\/api.w.org\/{rel}","templated":true}]}}