{"id":21258,"date":"2025-05-05T11:38:32","date_gmt":"2025-05-05T11:38:32","guid":{"rendered":"https:\/\/mobecor.ee\/?post_type=product&#038;p=21258"},"modified":"2026-04-13T08:41:59","modified_gmt":"2026-04-13T05:41:59","slug":"riiul-optima","status":"publish","type":"product","link":"https:\/\/mobecor.ee\/en\/toode\/riiul-optima\/","title":{"rendered":"Riiul Optima"},"content":{"rendered":"<p>Riiul sobib Kammono kappidesse\u00a0DPRP 110\u00d765\u00a0ja\u00a0DPRP 115\u00d765.<br \/>\nKomplekti kuulub kaks iseseisvalt v\u00e4ljat\u00f5mmatavat riiulit:<br \/>\n* riiulip\u00f5hjad 16 mm valgest MDF plaadist,<br \/>\n* riiuli k\u00fclg on valmistatud l\u00e4ikivast kroomitud reelingust,<br \/>\n* h\u00f5bedast v\u00e4rvi raam.<br \/>\nToote omadused:<br \/>\n* kinnitatakse kapi k\u00fcljele,<br \/>\n* monteerimine esik\u00fcljega nurgakapi k\u00fclge standard- v\u00f5i paralleelhingedel,<br \/>\n* igat riiulit saab iseseisvalt v\u00e4lja t\u00f5mmata,<br \/>\n* koormus: 15 kg riiuli kohta,<br \/>\n* kasutamiseks madalates ja k\u00f5rgetes nurgakappides.<br \/>\nToote disain on planeeritud nii, et see t\u00e4idaks maksimaalselt t\u00fchja kapi ruumi, mis v\u00f5imaldab nurga sisemust terviklikult v\u00e4lja arendada.<br \/>\nOptima nurgariiulid sobivad k\u00f5ige paremini pottide, pannide v\u00f5i suurte k\u00f6\u00f6gitarvete hoidmiseks.<br \/>\nToodetud: Poolas.<br \/>\nTarneaeg: 4-8 n\u00e4dalat.<\/p>\n","protected":false},"excerpt":{"rendered":"<p>Riiul sobib Kammono kappidesse\u00a0DPRP 110\u00d765\u00a0ja\u00a0DPRP 115\u00d765. Komplekti kuulub kaks iseseisvalt v\u00e4ljat\u00f5mmatavat riiulit: * riiulip\u00f5hjad 16 mm valgest MDF plaadist, *&#8230;<\/p>\n","protected":false},"featured_media":10244,"template":"","meta":{"_acf_changed":false,"inline_featured_image":false},"series":[],"product_brand":[],"product_cat":[412],"product_tag":[],"class_list":{"0":"post-21258","1":"product","2":"type-product","3":"status-publish","4":"has-post-thumbnail","6":"product_cat-kammono-m4-porandakapid","8":"first","9":"instock","10":"taxable","11":"shipping-taxable","12":"purchasable","13":"product-type-variable"},"acf":[],"_links":{"self":[{"href":"https:\/\/mobecor.ee\/en\/wp-json\/wp\/v2\/product\/21258","targetHints":{"allow":["GET"]}}],"collection":[{"href":"https:\/\/mobecor.ee\/en\/wp-json\/wp\/v2\/product"}],"about":[{"href":"https:\/\/mobecor.ee\/en\/wp-json\/wp\/v2\/types\/product"}],"wp:featuredmedia":[{"embeddable":true,"href":"https:\/\/mobecor.ee\/en\/wp-json\/wp\/v2\/media\/10244"}],"wp:attachment":[{"href":"https:\/\/mobecor.ee\/en\/wp-json\/wp\/v2\/media?parent=21258"}],"wp:term":[{"taxonomy":"series","embeddable":true,"href":"https:\/\/mobecor.ee\/en\/wp-json\/wp\/v2\/series?post=21258"},{"taxonomy":"product_brand","embeddable":true,"href":"https:\/\/mobecor.ee\/en\/wp-json\/wp\/v2\/product_brand?post=21258"},{"taxonomy":"product_cat","embeddable":true,"href":"https:\/\/mobecor.ee\/en\/wp-json\/wp\/v2\/product_cat?post=21258"},{"taxonomy":"product_tag","embeddable":true,"href":"https:\/\/mobecor.ee\/en\/wp-json\/wp\/v2\/product_tag?post=21258"}],"curies":[{"name":"wp","href":"https:\/\/api.w.org\/{rel}","templated":true}]}}