{"id":21372,"date":"2025-05-05T11:47:16","date_gmt":"2025-05-05T11:47:16","guid":{"rendered":"https:\/\/mobecor.ee\/?post_type=product&#038;p=21372"},"modified":"2026-04-13T08:40:36","modified_gmt":"2026-04-13T05:40:36","slug":"porandakapp-kammono-m4-d40-1","status":"publish","type":"product","link":"https:\/\/mobecor.ee\/en\/toode\/porandakapp-kammono-m4-d40-1\/","title":{"rendered":"P\u00f5randakapp Kammono M4 D40.1"},"content":{"rendered":"<p>Kapil on 1 uks. Ukse taga on 1 riiul.<br \/>\nEsipind\u00a0on valmistatud akr\u00fc\u00fclkattega m\u00f6\u00f6bliplaadist (18mm).<br \/>\nEsipind\u00a0on n\u00e4puj\u00e4ljevaba ja kriimustuskindel.<br \/>\nKahepoolselt viimistletud (m\u00f5lemad pooled sama v\u00e4rvi), puudutades sametised.<br \/>\nServadel ABS kant.<br \/>\nEsipindade v\u00e4rvivalik: Breeze Beige; Sahara Cream; Ice Grey; Macaron Green; Safari Grey; Rustic Red; Havana Coffee; Victoria Grey; Forest Green; Pearl Black; Bitter; Royal Grey; Linden; Sky Blue; Olive Green.<br \/>\nKorpus: m\u00f6\u00f6bliplaadist (16 mm).<br \/>\n<span lang=\"et-EE\">Korpuse v\u00e4rvivalik: valge; hall; kaszmir B (bee\u017e); cappuccino; must.<\/span><br \/>\n<span lang=\"et-EE\">Uks on vaikselt sulguv.<\/span><br \/>\nKapil on reguleeritavad jalad. Valikus k\u00f5rgusega 10 v\u00f5i 15 cm.<br \/>\n<span lang=\"et-EE\">Sokkel ei kuulu hinna sisse. V\u00f5imalik juurde tellida\u00a0<a href=\"https:\/\/mobecor.ee\/toode\/sokkel-kammono\/\" target=\"_blank\" rel=\"alternate noopener noreferrer\">SIIT<\/a>\u00a0v\u00f5i k\u00fcljesokkel\u00a0<a href=\"https:\/\/mobecor.ee\/toode\/kuljesokkel-kammono\/\" target=\"_blank\" rel=\"alternate noopener noreferrer\">SIIT<\/a>.<\/span><br \/>\n<span lang=\"et-EE\">Esipinnaga sama v\u00e4rvi sokli soovi korral kirjutage: info@mobecor.ee<\/span><br \/>\n<span lang=\"et-EE\">K\u00e4epide: metallist.<\/span><br \/>\n<span lang=\"et-EE\"><span lang=\"et-EE\">V<\/span><span lang=\"et-EE\">\u00f5imalik juurde tellida t\u00f6\u00f6pind <a href=\"https:\/\/mobecor.ee\/tootekategooria\/koogimoobel\/tootasapinnad\/\" target=\"_blank\" rel=\"noopener\">SIIT.<\/a><\/span><\/span><br \/>\nToodetud: Poolas.<br \/>\nToode tarnitakse detailidena.<\/p>\n","protected":false},"excerpt":{"rendered":"<p>Laius: 40 cm.<br \/>\nS\u00fcgavus:\u00a051 cm.<br \/>\nK\u00f5rgus: 71 cm (ilma jalgadeta).<br \/>\nTarneaeg: 4-8 n\u00e4dalat.<\/p>\n","protected":false},"featured_media":82415,"template":"","meta":{"_acf_changed":false,"inline_featured_image":false},"series":[],"product_brand":[2952],"product_cat":[412],"product_tag":[],"class_list":{"0":"post-21372","1":"product","2":"type-product","3":"status-publish","4":"has-post-thumbnail","6":"product_brand-meblekam","7":"product_cat-kammono-m4-porandakapid","9":"first","10":"instock","11":"taxable","12":"shipping-taxable","13":"purchasable","14":"product-type-simple"},"acf":[],"_links":{"self":[{"href":"https:\/\/mobecor.ee\/en\/wp-json\/wp\/v2\/product\/21372","targetHints":{"allow":["GET"]}}],"collection":[{"href":"https:\/\/mobecor.ee\/en\/wp-json\/wp\/v2\/product"}],"about":[{"href":"https:\/\/mobecor.ee\/en\/wp-json\/wp\/v2\/types\/product"}],"wp:featuredmedia":[{"embeddable":true,"href":"https:\/\/mobecor.ee\/en\/wp-json\/wp\/v2\/media\/82415"}],"wp:attachment":[{"href":"https:\/\/mobecor.ee\/en\/wp-json\/wp\/v2\/media?parent=21372"}],"wp:term":[{"taxonomy":"series","embeddable":true,"href":"https:\/\/mobecor.ee\/en\/wp-json\/wp\/v2\/series?post=21372"},{"taxonomy":"product_brand","embeddable":true,"href":"https:\/\/mobecor.ee\/en\/wp-json\/wp\/v2\/product_brand?post=21372"},{"taxonomy":"product_cat","embeddable":true,"href":"https:\/\/mobecor.ee\/en\/wp-json\/wp\/v2\/product_cat?post=21372"},{"taxonomy":"product_tag","embeddable":true,"href":"https:\/\/mobecor.ee\/en\/wp-json\/wp\/v2\/product_tag?post=21372"}],"curies":[{"name":"wp","href":"https:\/\/api.w.org\/{rel}","templated":true}]}}