{"id":21476,"date":"2025-05-05T11:55:09","date_gmt":"2025-05-05T11:55:09","guid":{"rendered":"https:\/\/mobecor.ee\/?post_type=product&#038;p=21476"},"modified":"2025-09-16T10:22:23","modified_gmt":"2025-09-16T07:22:23","slug":"laud-raymond-o-100","status":"publish","type":"product","link":"https:\/\/mobecor.ee\/en\/toode\/laud-raymond-o-100\/","title":{"rendered":"Laud Raymond kuldne (\u00f8 100)"},"content":{"rendered":"<p><span style=\"font-size: 10pt;\">Lauaplaat &#8211; tugevast klaasist.<br \/>\nJalad &#8211; kuldset v\u00e4rvi kroomitud terasest.<br \/>\n<\/span><span style=\"font-size: 10pt;\">Toodetud: Poolas.<br \/>\nVajab kokku monteerimist.<\/span><br \/>\n<span style=\"line-height: 1.3em; font-size: 10pt;\"><br \/>\n<\/span><\/p>\n","protected":false},"excerpt":{"rendered":"<p><span style=\"line-height: 1.3em; font-size: 10pt;\">Lauaplaadi l\u00e4bim\u00f5\u00f5t:\u00a0100 cm.<br \/>\nK\u00f5rgus:\u00a073<\/span><span style=\"line-height: 1.3em; font-size: 10pt;\">\u00a0cm.<br \/>\nTarneaeg: 4-8 n\u00e4dalat.<br \/>\nNB! Pildil olevad toolid K-446 ei kuulu hinna sisse.<\/span><\/p>\n","protected":false},"featured_media":9956,"template":"","meta":{"_acf_changed":false,"inline_featured_image":false},"series":[],"product_brand":[2942],"product_cat":[219],"product_tag":[],"class_list":{"0":"post-21476","1":"product","2":"type-product","3":"status-publish","4":"has-post-thumbnail","6":"product_brand-halmar","7":"product_cat-soogilauad","9":"first","10":"instock","11":"taxable","12":"shipping-taxable","13":"purchasable","14":"product-type-simple"},"acf":[],"_links":{"self":[{"href":"https:\/\/mobecor.ee\/en\/wp-json\/wp\/v2\/product\/21476","targetHints":{"allow":["GET"]}}],"collection":[{"href":"https:\/\/mobecor.ee\/en\/wp-json\/wp\/v2\/product"}],"about":[{"href":"https:\/\/mobecor.ee\/en\/wp-json\/wp\/v2\/types\/product"}],"wp:featuredmedia":[{"embeddable":true,"href":"https:\/\/mobecor.ee\/en\/wp-json\/wp\/v2\/media\/9956"}],"wp:attachment":[{"href":"https:\/\/mobecor.ee\/en\/wp-json\/wp\/v2\/media?parent=21476"}],"wp:term":[{"taxonomy":"series","embeddable":true,"href":"https:\/\/mobecor.ee\/en\/wp-json\/wp\/v2\/series?post=21476"},{"taxonomy":"product_brand","embeddable":true,"href":"https:\/\/mobecor.ee\/en\/wp-json\/wp\/v2\/product_brand?post=21476"},{"taxonomy":"product_cat","embeddable":true,"href":"https:\/\/mobecor.ee\/en\/wp-json\/wp\/v2\/product_cat?post=21476"},{"taxonomy":"product_tag","embeddable":true,"href":"https:\/\/mobecor.ee\/en\/wp-json\/wp\/v2\/product_tag?post=21476"}],"curies":[{"name":"wp","href":"https:\/\/api.w.org\/{rel}","templated":true}]}}