{"id":21514,"date":"2025-05-05T11:57:06","date_gmt":"2025-05-05T11:57:06","guid":{"rendered":"https:\/\/mobecor.ee\/?post_type=product&#038;p=21514"},"modified":"2026-03-12T12:18:01","modified_gmt":"2026-03-12T10:18:01","slug":"vedrumadrats-twist-latex","status":"publish","type":"product","link":"https:\/\/mobecor.ee\/en\/toode\/vedrumadrats-twist-latex\/","title":{"rendered":"Vedrumadrats Twist Latex"},"content":{"rendered":"<p>\u00dchepoolne keskmise j\u00e4ikusega madrats, mis p\u00f5hineb eriti k\u00f5rgel s\u00f5ltumatul Pocket vedruplokil (vedrud on pakitud eraldi riidest kottidesse).<br \/>\nSelline vedruploki disain tagab keha \u00fchtlase kaalujaotuse, andes madratsile tugevad ortopeedilised omadused.<br \/>\nVedruplokk on tugevdatud metallraami ja vildikihiga.<br \/>\nSuure vetruvusega pol\u00fcuretaanvahukiht (HR foam &#8211; m\u00f6\u00f6bli poroloon) annab madratsile piisavalt tugevust, muutmata seda j\u00e4igaks.<br \/>\nSee on suhteliselt k\u00f5va s\u00fcnteetiline materjal, kuid selle valmistamise tehnoloogia annab sellele pika &#8220;eluea&#8221;, s\u00e4ilitades selle omadused ja funktsionaalsuse.<br \/>\nKogu TWIST seeria v\u00f5lub oma luksusliku v\u00e4limuse ja ebatavalise disainiga.<br \/>\nIga mudel koosneb kahest madratsist \u2013 p\u00f5himadratsist ja lisamadratsist (lisamadrats ei ole eemaldatav).<br \/>\nLisamadrats TWIST LATEX sisaldab looduslikku lateksi \u2013 looduslikku elastset ortopeedilist materjali.<br \/>\nSisu:<br \/>\n*\u00a0latex sisuga pealismadrats,<br \/>\n* HR vaht,<br \/>\n* vilt,<br \/>\n* pocket vedrustus + metallraam,<br \/>\n* vilt.<br \/>\nToodetud: L\u00e4tis.<\/p>\n","protected":false},"excerpt":{"rendered":"<p>Madratsi k\u00f5rgus: 27 cm.<br \/>\nS\u00fcgavus: 200 cm.<br \/>\nLaiused: 80; 90; 120; 140; 160; 180 cm.<br \/>\nTarneaeg: kuni 4 n\u00e4dalat.<\/p>\n","protected":false},"featured_media":9834,"template":"","meta":{"_acf_changed":false,"inline_featured_image":false},"series":[],"product_brand":[2858],"product_cat":[337],"product_tag":[],"class_list":{"0":"post-21514","1":"product","2":"type-product","3":"status-publish","4":"has-post-thumbnail","6":"product_brand-sendeko","7":"product_cat-sendeko-vedrumadratsid","9":"first","10":"instock","11":"taxable","12":"shipping-taxable","13":"purchasable","14":"product-type-variable"},"acf":[],"_links":{"self":[{"href":"https:\/\/mobecor.ee\/en\/wp-json\/wp\/v2\/product\/21514","targetHints":{"allow":["GET"]}}],"collection":[{"href":"https:\/\/mobecor.ee\/en\/wp-json\/wp\/v2\/product"}],"about":[{"href":"https:\/\/mobecor.ee\/en\/wp-json\/wp\/v2\/types\/product"}],"wp:featuredmedia":[{"embeddable":true,"href":"https:\/\/mobecor.ee\/en\/wp-json\/wp\/v2\/media\/9834"}],"wp:attachment":[{"href":"https:\/\/mobecor.ee\/en\/wp-json\/wp\/v2\/media?parent=21514"}],"wp:term":[{"taxonomy":"series","embeddable":true,"href":"https:\/\/mobecor.ee\/en\/wp-json\/wp\/v2\/series?post=21514"},{"taxonomy":"product_brand","embeddable":true,"href":"https:\/\/mobecor.ee\/en\/wp-json\/wp\/v2\/product_brand?post=21514"},{"taxonomy":"product_cat","embeddable":true,"href":"https:\/\/mobecor.ee\/en\/wp-json\/wp\/v2\/product_cat?post=21514"},{"taxonomy":"product_tag","embeddable":true,"href":"https:\/\/mobecor.ee\/en\/wp-json\/wp\/v2\/product_tag?post=21514"}],"curies":[{"name":"wp","href":"https:\/\/api.w.org\/{rel}","templated":true}]}}