{"id":21519,"date":"2025-05-05T11:57:27","date_gmt":"2025-05-05T11:57:27","guid":{"rendered":"https:\/\/mobecor.ee\/?post_type=product&#038;p=21519"},"modified":"2026-03-12T12:17:43","modified_gmt":"2026-03-12T10:17:43","slug":"poroloonmadrats-foam-r16-rullis","status":"publish","type":"product","link":"https:\/\/mobecor.ee\/en\/toode\/poroloonmadrats-foam-r16-rullis\/","title":{"rendered":"Poroloonmadrats Foam R16 (rullis)"},"content":{"rendered":"<p>Vedrudeta keskmise k\u00f5vadusega madrats, mis koosneb tugevast pol\u00fcuretaanvahtplokist (m\u00f6\u00f6bli poroloon).<br \/>\nMadratsi s\u00fcdamik tagab \u00f5ige elastsuse, v\u00f5imaldades kehal v\u00f5tta anatoomiliselt \u00f5ige kehahoiaku ja l\u00f5\u00f5gastuda, pakkudes tuge ja mugavust.<br \/>\nMadratsi elastsus on kasulik lihaste l\u00f5dvestamiseks ja vereringe parandamiseks kogu kehas.<br \/>\nSobib igas vanuses inimestele.<br \/>\nSisu: pol\u00fcuretaanvaht (m\u00f6\u00f6bli poroloon)\u00a025kg\/m3.<br \/>\nMadratsi mugavamaks tarnimiseks on madrats rullpakendis.<br \/>\nToodetud: L\u00e4tis.<\/p>\n","protected":false},"excerpt":{"rendered":"<p>K\u00f5rgus: 16 cm.<br \/>\nS\u00fcgavus: 200 cm.<br \/>\nLaiused: 80; 90; 120; 140; 160; 180 cm.<br \/>\nTarneaeg: kuni 4 n\u00e4dalat.<\/p>\n","protected":false},"featured_media":9844,"template":"","meta":{"_acf_changed":false,"inline_featured_image":false},"series":[],"product_brand":[2858],"product_cat":[171,296],"product_tag":[],"class_list":{"0":"post-21519","1":"product","2":"type-product","3":"status-publish","4":"has-post-thumbnail","6":"product_brand-sendeko","7":"product_cat-sendeko-rullmadratsid","8":"product_cat-sendeko-vedruta-madratsid","10":"first","11":"instock","12":"taxable","13":"shipping-taxable","14":"purchasable","15":"product-type-variable"},"acf":[],"_links":{"self":[{"href":"https:\/\/mobecor.ee\/en\/wp-json\/wp\/v2\/product\/21519","targetHints":{"allow":["GET"]}}],"collection":[{"href":"https:\/\/mobecor.ee\/en\/wp-json\/wp\/v2\/product"}],"about":[{"href":"https:\/\/mobecor.ee\/en\/wp-json\/wp\/v2\/types\/product"}],"wp:featuredmedia":[{"embeddable":true,"href":"https:\/\/mobecor.ee\/en\/wp-json\/wp\/v2\/media\/9844"}],"wp:attachment":[{"href":"https:\/\/mobecor.ee\/en\/wp-json\/wp\/v2\/media?parent=21519"}],"wp:term":[{"taxonomy":"series","embeddable":true,"href":"https:\/\/mobecor.ee\/en\/wp-json\/wp\/v2\/series?post=21519"},{"taxonomy":"product_brand","embeddable":true,"href":"https:\/\/mobecor.ee\/en\/wp-json\/wp\/v2\/product_brand?post=21519"},{"taxonomy":"product_cat","embeddable":true,"href":"https:\/\/mobecor.ee\/en\/wp-json\/wp\/v2\/product_cat?post=21519"},{"taxonomy":"product_tag","embeddable":true,"href":"https:\/\/mobecor.ee\/en\/wp-json\/wp\/v2\/product_tag?post=21519"}],"curies":[{"name":"wp","href":"https:\/\/api.w.org\/{rel}","templated":true}]}}