{"id":21521,"date":"2025-05-05T11:57:28","date_gmt":"2025-05-05T11:57:28","guid":{"rendered":"https:\/\/mobecor.ee\/?post_type=product&#038;p=21521"},"modified":"2026-03-12T12:17:28","modified_gmt":"2026-03-12T10:17:28","slug":"vedrumadrats-super-bonell","status":"publish","type":"product","link":"https:\/\/mobecor.ee\/en\/toode\/vedrumadrats-super-bonell\/","title":{"rendered":"Vedrumadrats Super Bonell"},"content":{"rendered":"<p>Kahepoolne keskmise tugevusega madrats, mis p\u00f5hineb Bonnell s\u00fcsteemi vedruplokil.<br \/>\nVedrude vaheline vildikiht ja madratsi tepimisse kaasas olev pol\u00fcuretaanvaht (m\u00f6\u00f6bli poroloon) annab madratsile k\u00f5vaduse ja kaitseb vahtpol\u00fcuretaani paremini metalli eest.<br \/>\nKate on pehmest trikookangast.<br \/>\nIdeaalne ost s\u00e4\u00e4stlikule inimesele.<br \/>\nSisu:<br \/>\n*\u00a0pol\u00fcuretaanvaht (m\u00f6\u00f6bli poroloon) 25kg\/m3,<br \/>\n* vilt,<br \/>\n* bonnell vedru,<br \/>\n* vilt,<br \/>\n*\u00a0pol\u00fcuretaanvaht (m\u00f6\u00f6bli poroloon)\u00a025kg\/m3.<br \/>\nMadratsi kate ei ole eemaldatav.<br \/>\nMadratsi mugavamaks tarnimiseks on madrats rullpakendis.<br \/>\nToodetud: L\u00e4tis.<\/p>\n","protected":false},"excerpt":{"rendered":"<p>K\u00f5rgus:\u00a018 cm.<br \/>\nS\u00fcgavus: 200 cm.<br \/>\nLaiused: 80 cm; 90 cm; 120 cm; 140 cm; 160 cm; 180 cm.<br \/>\nTarneaeg: kuni 4 n\u00e4dalat.<\/p>\n","protected":false},"featured_media":9848,"template":"","meta":{"_acf_changed":false,"inline_featured_image":false},"series":[],"product_brand":[2858],"product_cat":[171],"product_tag":[],"class_list":{"0":"post-21521","1":"product","2":"type-product","3":"status-publish","4":"has-post-thumbnail","6":"product_brand-sendeko","7":"product_cat-sendeko-rullmadratsid","9":"first","10":"instock","11":"taxable","12":"shipping-taxable","13":"purchasable","14":"product-type-variable"},"acf":[],"_links":{"self":[{"href":"https:\/\/mobecor.ee\/en\/wp-json\/wp\/v2\/product\/21521","targetHints":{"allow":["GET"]}}],"collection":[{"href":"https:\/\/mobecor.ee\/en\/wp-json\/wp\/v2\/product"}],"about":[{"href":"https:\/\/mobecor.ee\/en\/wp-json\/wp\/v2\/types\/product"}],"wp:featuredmedia":[{"embeddable":true,"href":"https:\/\/mobecor.ee\/en\/wp-json\/wp\/v2\/media\/9848"}],"wp:attachment":[{"href":"https:\/\/mobecor.ee\/en\/wp-json\/wp\/v2\/media?parent=21521"}],"wp:term":[{"taxonomy":"series","embeddable":true,"href":"https:\/\/mobecor.ee\/en\/wp-json\/wp\/v2\/series?post=21521"},{"taxonomy":"product_brand","embeddable":true,"href":"https:\/\/mobecor.ee\/en\/wp-json\/wp\/v2\/product_brand?post=21521"},{"taxonomy":"product_cat","embeddable":true,"href":"https:\/\/mobecor.ee\/en\/wp-json\/wp\/v2\/product_cat?post=21521"},{"taxonomy":"product_tag","embeddable":true,"href":"https:\/\/mobecor.ee\/en\/wp-json\/wp\/v2\/product_tag?post=21521"}],"curies":[{"name":"wp","href":"https:\/\/api.w.org\/{rel}","templated":true}]}}