{"id":21523,"date":"2025-05-05T11:57:28","date_gmt":"2025-05-05T11:57:28","guid":{"rendered":"https:\/\/mobecor.ee\/?post_type=product&#038;p=21523"},"modified":"2026-03-12T12:17:35","modified_gmt":"2026-03-12T10:17:35","slug":"lastemadrats-donald","status":"publish","type":"product","link":"https:\/\/mobecor.ee\/en\/toode\/lastemadrats-donald\/","title":{"rendered":"Lastemadrats Donald"},"content":{"rendered":"<p>J\u00e4ik madrats lastele.<br \/>\nSee p\u00f5hineb k\u00f5rgtehnoloogilisel vahtpol\u00fcuretaanplokil (m\u00f6\u00f6bli poroloon), mille m\u00f5lemal k\u00fcljel on \u00fche sentimeetri paksused naturaalse kookoskiu kihid.<br \/>\nSelline materjalide kombinatsioon muudab madratsi \u00fcsna tugevaks.<br \/>\nSisu:<br \/>\n* puuvillane vatiin,<br \/>\n* kookoskiud 1 cm,<br \/>\n* poroloon 10 cm,<br \/>\n* kookoskiud 1 cm,<br \/>\n* puuvillane vatiin.<br \/>\nToodetud: L\u00e4tis.<\/p>\n","protected":false},"excerpt":{"rendered":"<p>Laiused: 80*160; 80*200; 90*200; 120*200 cm.<br \/>\nK\u00f5rgus: 13 cm.<br \/>\nTarneaeg: kuni 4 n\u00e4dalat.<\/p>\n","protected":false},"featured_media":9852,"template":"","meta":{"_acf_changed":false,"inline_featured_image":false},"series":[],"product_brand":[2858],"product_cat":[402],"product_tag":[],"class_list":{"0":"post-21523","1":"product","2":"type-product","3":"status-publish","4":"has-post-thumbnail","6":"product_brand-sendeko","7":"product_cat-sendeko-lastemadratsid","9":"first","10":"instock","11":"taxable","12":"shipping-taxable","13":"purchasable","14":"product-type-variable"},"acf":[],"_links":{"self":[{"href":"https:\/\/mobecor.ee\/en\/wp-json\/wp\/v2\/product\/21523","targetHints":{"allow":["GET"]}}],"collection":[{"href":"https:\/\/mobecor.ee\/en\/wp-json\/wp\/v2\/product"}],"about":[{"href":"https:\/\/mobecor.ee\/en\/wp-json\/wp\/v2\/types\/product"}],"wp:featuredmedia":[{"embeddable":true,"href":"https:\/\/mobecor.ee\/en\/wp-json\/wp\/v2\/media\/9852"}],"wp:attachment":[{"href":"https:\/\/mobecor.ee\/en\/wp-json\/wp\/v2\/media?parent=21523"}],"wp:term":[{"taxonomy":"series","embeddable":true,"href":"https:\/\/mobecor.ee\/en\/wp-json\/wp\/v2\/series?post=21523"},{"taxonomy":"product_brand","embeddable":true,"href":"https:\/\/mobecor.ee\/en\/wp-json\/wp\/v2\/product_brand?post=21523"},{"taxonomy":"product_cat","embeddable":true,"href":"https:\/\/mobecor.ee\/en\/wp-json\/wp\/v2\/product_cat?post=21523"},{"taxonomy":"product_tag","embeddable":true,"href":"https:\/\/mobecor.ee\/en\/wp-json\/wp\/v2\/product_tag?post=21523"}],"curies":[{"name":"wp","href":"https:\/\/api.w.org\/{rel}","templated":true}]}}