{"id":21525,"date":"2025-05-05T11:57:29","date_gmt":"2025-05-05T11:57:29","guid":{"rendered":"https:\/\/mobecor.ee\/?post_type=product&#038;p=21525"},"modified":"2026-03-12T12:16:50","modified_gmt":"2026-03-12T10:16:50","slug":"lastemadrats-bunny","status":"publish","type":"product","link":"https:\/\/mobecor.ee\/en\/toode\/lastemadrats-bunny\/","title":{"rendered":"Lastemadrats Bunny"},"content":{"rendered":"<p>Keskmise j\u00e4ikusega vedrumadrats lastele.<br \/>\nMadrats p\u00f5hineb Minipocket s\u00f5ltumatul vedruplokil, mis on m\u00f5lemalt poolt kaetud keskmise tihedusega porolooni kihiga.<br \/>\nSee kombinatsioon annab madratsile ortopeedilised omadused, mis tagab kehale vajaliku toe.<br \/>\nMadrats sobib lastele alates 8-ndast. eluaastast ja teismelistele.<br \/>\nSisu:<br \/>\n* poroloon 2 cm,<br \/>\n*\u00a0minipocket vedrustus,<br \/>\n* poroloon 2 cm.<br \/>\nToodetud: L\u00e4tis.<\/p>\n","protected":false},"excerpt":{"rendered":"<p>Laiused: 80*160; 80*200; 90*200; 120*200 cm.<br \/>\nK\u00f5rgus: 13 cm.<br \/>\nTarneaeg: kuni 4 n\u00e4dalat.<\/p>\n","protected":false},"featured_media":9856,"template":"","meta":{"_acf_changed":false,"inline_featured_image":false},"series":[],"product_brand":[2858],"product_cat":[402],"product_tag":[],"class_list":{"0":"post-21525","1":"product","2":"type-product","3":"status-publish","4":"has-post-thumbnail","6":"product_brand-sendeko","7":"product_cat-sendeko-lastemadratsid","9":"first","10":"instock","11":"taxable","12":"shipping-taxable","13":"purchasable","14":"product-type-variable"},"acf":[],"_links":{"self":[{"href":"https:\/\/mobecor.ee\/en\/wp-json\/wp\/v2\/product\/21525","targetHints":{"allow":["GET"]}}],"collection":[{"href":"https:\/\/mobecor.ee\/en\/wp-json\/wp\/v2\/product"}],"about":[{"href":"https:\/\/mobecor.ee\/en\/wp-json\/wp\/v2\/types\/product"}],"wp:featuredmedia":[{"embeddable":true,"href":"https:\/\/mobecor.ee\/en\/wp-json\/wp\/v2\/media\/9856"}],"wp:attachment":[{"href":"https:\/\/mobecor.ee\/en\/wp-json\/wp\/v2\/media?parent=21525"}],"wp:term":[{"taxonomy":"series","embeddable":true,"href":"https:\/\/mobecor.ee\/en\/wp-json\/wp\/v2\/series?post=21525"},{"taxonomy":"product_brand","embeddable":true,"href":"https:\/\/mobecor.ee\/en\/wp-json\/wp\/v2\/product_brand?post=21525"},{"taxonomy":"product_cat","embeddable":true,"href":"https:\/\/mobecor.ee\/en\/wp-json\/wp\/v2\/product_cat?post=21525"},{"taxonomy":"product_tag","embeddable":true,"href":"https:\/\/mobecor.ee\/en\/wp-json\/wp\/v2\/product_tag?post=21525"}],"curies":[{"name":"wp","href":"https:\/\/api.w.org\/{rel}","templated":true}]}}