{"id":21526,"date":"2025-05-05T11:57:29","date_gmt":"2025-05-05T11:57:29","guid":{"rendered":"https:\/\/mobecor.ee\/?post_type=product&#038;p=21526"},"modified":"2026-03-12T12:17:00","modified_gmt":"2026-03-12T10:17:00","slug":"ergo","status":"publish","type":"product","link":"https:\/\/mobecor.ee\/en\/toode\/ergo\/","title":{"rendered":"Ergo"},"content":{"rendered":"<p>Suurep\u00e4rane kahepoolne vedrudeta madrats.<br \/>\n\u00dcks kindlamaid mudeleid, mis koosneb ainult looduslikku p\u00e4ritolu materjalidest.<br \/>\nKookoskiu kihid annavad madratsile tugevuse ja tagavad hea \u00f5huringluse, samuti kaitsevad seda tolmulestade ja niiskuse kogunemise eest.<br \/>\nNaturaalse lateksi kihid on meeldivalt elastsed ja meeldivad neile, kellele meeldib pehmem ase.<br \/>\nSee madrats sobib suurep\u00e4raselt teismelistele, l\u00fclisambaprobleemidega inimestele, \u00fclekaalulistele v\u00f5i lihtsalt neile, kellele meeldib magada tasasel kindlal pinnal.<br \/>\nSisu:<br \/>\n* puuvillane vatiin,<br \/>\n* kookoskiud,<br \/>\n* lateks,<br \/>\n* kookoskiud,<br \/>\n* lateks,<br \/>\n* kookoskiud,<br \/>\n* lateks,<br \/>\n* kookoskiud,<br \/>\n* lateks.<br \/>\nToodetud: L\u00e4tis.<\/p>\n","protected":false},"excerpt":{"rendered":"<p>K\u00f5rgus: 17 cm.<br \/>\nS\u00fcgavus: 200 cm.<br \/>\nLaiused: 80; 90; 120; 140; 160; 180 cm.<br \/>\nTarneaeg: kuni 4 n\u00e4dalat.<\/p>\n","protected":false},"featured_media":9858,"template":"","meta":{"_acf_changed":false,"inline_featured_image":false},"series":[],"product_brand":[2858],"product_cat":[296],"product_tag":[],"class_list":{"0":"post-21526","1":"product","2":"type-product","3":"status-publish","4":"has-post-thumbnail","6":"product_brand-sendeko","7":"product_cat-sendeko-vedruta-madratsid","9":"first","10":"instock","11":"taxable","12":"shipping-taxable","13":"purchasable","14":"product-type-variable"},"acf":[],"_links":{"self":[{"href":"https:\/\/mobecor.ee\/en\/wp-json\/wp\/v2\/product\/21526","targetHints":{"allow":["GET"]}}],"collection":[{"href":"https:\/\/mobecor.ee\/en\/wp-json\/wp\/v2\/product"}],"about":[{"href":"https:\/\/mobecor.ee\/en\/wp-json\/wp\/v2\/types\/product"}],"wp:featuredmedia":[{"embeddable":true,"href":"https:\/\/mobecor.ee\/en\/wp-json\/wp\/v2\/media\/9858"}],"wp:attachment":[{"href":"https:\/\/mobecor.ee\/en\/wp-json\/wp\/v2\/media?parent=21526"}],"wp:term":[{"taxonomy":"series","embeddable":true,"href":"https:\/\/mobecor.ee\/en\/wp-json\/wp\/v2\/series?post=21526"},{"taxonomy":"product_brand","embeddable":true,"href":"https:\/\/mobecor.ee\/en\/wp-json\/wp\/v2\/product_brand?post=21526"},{"taxonomy":"product_cat","embeddable":true,"href":"https:\/\/mobecor.ee\/en\/wp-json\/wp\/v2\/product_cat?post=21526"},{"taxonomy":"product_tag","embeddable":true,"href":"https:\/\/mobecor.ee\/en\/wp-json\/wp\/v2\/product_tag?post=21526"}],"curies":[{"name":"wp","href":"https:\/\/api.w.org\/{rel}","templated":true}]}}