{"id":21527,"date":"2025-05-05T11:57:30","date_gmt":"2025-05-05T11:57:30","guid":{"rendered":"https:\/\/mobecor.ee\/?post_type=product&#038;p=21527"},"modified":"2026-03-12T12:16:22","modified_gmt":"2026-03-12T10:16:22","slug":"vedrumadrats-foxtrot-extra-pocket","status":"publish","type":"product","link":"https:\/\/mobecor.ee\/en\/toode\/vedrumadrats-foxtrot-extra-pocket\/","title":{"rendered":"Vedrumadrats Foxtrot Extra Pocket"},"content":{"rendered":"<p>Kahepoolne keskmise tugevusega madrats Pocket s\u00f5ltumatu vedrus\u00fcdamikuga (k\u00f5ik vedrud on pakitud eraldi riidest kottidesse).<br \/>\nSee vedruploki disain tagab kehakaalu \u00fchtlase jaotumise, andes madratsile eriti silmapaistvad ortopeedilised omadused.<br \/>\nSelle madratsi k\u00fclgede erinevad tugevusastmed v\u00f5imaldavad teil leida endale k\u00f5ige sobivama k\u00fclje.<br \/>\nMadratsi valmistamisel on kasutatud ainult looduslikke materjale.<br \/>\nKookoskiud, mis tagab hea \u00f5huringluse ning hoiab \u00e4ra niiskuse ja tolmulestade kogunemise madratsisse.<br \/>\nLatekskihid suurendavad madratsi ortopeedilisi omadusi.<br \/>\nMadrats on h\u00fcpoallergeenne.<br \/>\nSuurep\u00e4rane eelis mugava une armastajatele, kes eelistavad magada kindlamatel pindadel.<br \/>\nSisu:<br \/>\n* puuvillane vatiin,<br \/>\n* kookoskiud,<br \/>\n* lateks,<br \/>\n* pocket vedrustus,<br \/>\n* kookoskiud,<br \/>\n* lateks.<br \/>\nToodetud: L\u00e4tis.<span style=\"font-size: 10pt;\"><br \/>\n<\/span><\/p>\n<p>&nbsp;<\/p>\n","protected":false},"excerpt":{"rendered":"<p>K\u00f5rgus: 23 cm.<br \/>\nS\u00fcgavus: 200 cm.<br \/>\nLaiused: 80 cm; 90 cm; 120 cm; 140 cm; 160 cm; 180 cm.<br \/>\nTarneaeg: kuni 4 n\u00e4dalat.<\/p>\n","protected":false},"featured_media":9860,"template":"","meta":{"_acf_changed":false,"inline_featured_image":false},"series":[],"product_brand":[2858],"product_cat":[337],"product_tag":[],"class_list":{"0":"post-21527","1":"product","2":"type-product","3":"status-publish","4":"has-post-thumbnail","6":"product_brand-sendeko","7":"product_cat-sendeko-vedrumadratsid","9":"first","10":"instock","11":"taxable","12":"shipping-taxable","13":"purchasable","14":"product-type-variable"},"acf":[],"_links":{"self":[{"href":"https:\/\/mobecor.ee\/en\/wp-json\/wp\/v2\/product\/21527","targetHints":{"allow":["GET"]}}],"collection":[{"href":"https:\/\/mobecor.ee\/en\/wp-json\/wp\/v2\/product"}],"about":[{"href":"https:\/\/mobecor.ee\/en\/wp-json\/wp\/v2\/types\/product"}],"wp:featuredmedia":[{"embeddable":true,"href":"https:\/\/mobecor.ee\/en\/wp-json\/wp\/v2\/media\/9860"}],"wp:attachment":[{"href":"https:\/\/mobecor.ee\/en\/wp-json\/wp\/v2\/media?parent=21527"}],"wp:term":[{"taxonomy":"series","embeddable":true,"href":"https:\/\/mobecor.ee\/en\/wp-json\/wp\/v2\/series?post=21527"},{"taxonomy":"product_brand","embeddable":true,"href":"https:\/\/mobecor.ee\/en\/wp-json\/wp\/v2\/product_brand?post=21527"},{"taxonomy":"product_cat","embeddable":true,"href":"https:\/\/mobecor.ee\/en\/wp-json\/wp\/v2\/product_cat?post=21527"},{"taxonomy":"product_tag","embeddable":true,"href":"https:\/\/mobecor.ee\/en\/wp-json\/wp\/v2\/product_tag?post=21527"}],"curies":[{"name":"wp","href":"https:\/\/api.w.org\/{rel}","templated":true}]}}