{"id":21528,"date":"2025-05-05T11:57:30","date_gmt":"2025-05-05T11:57:30","guid":{"rendered":"https:\/\/mobecor.ee\/?post_type=product&#038;p=21528"},"modified":"2026-03-12T12:16:32","modified_gmt":"2026-03-12T10:16:32","slug":"vedrumadrats-hotel-pocket","status":"publish","type":"product","link":"https:\/\/mobecor.ee\/en\/toode\/vedrumadrats-hotel-pocket\/","title":{"rendered":"Vedrumadrats Hotel Pocket"},"content":{"rendered":"<p>Erineva tugevusega k\u00fclgedega madrats, Pocket s\u00f5ltumatu vedrus\u00fcdamikuga (k\u00f5ik vedrud on pakitud eraldi riidest kottidesse).<br \/>\nSee vedruploki disain tagab kehakaalu \u00fchtlase jaotumise, andes madratsile eriti v\u00e4ljendunud ortopeedilised omadused.<br \/>\nMadratsi \u00fcks pool on pehme nagu pilv t\u00e4nu m\u00e4luvahule (Memory foam), mis on \u00fcks moodsamaid ja populaarsemaid materjale.<br \/>\nSee materjal kohandub ideaalselt kehakujuga, leevendab pingeid kaela- ja seljapiirkondades ning tagab mugava ja tervisliku une.<br \/>\nMadratsi teisel k\u00fcljel on naturaalse kookoskiu kiht, mis muudab selle k\u00fclje oluliselt tugevamaks.<br \/>\nSee madrats meeldib inimestele, kellele meeldivad kontrastid.<br \/>\nIdeaalne ost neile, kes armastavad ja hindavad mugavust ning soovivad samal ajal hoida oma keha heas toonuses.<br \/>\nSisu:<br \/>\n* m\u00e4luvaht (Memory foam),<br \/>\n* pocket vedrustus,<br \/>\n* kookoskiud,<br \/>\n* puuvillane vatiin.<br \/>\nToodetud: L\u00e4tis.<\/p>\n","protected":false},"excerpt":{"rendered":"<p>K\u00f5rgus: 22 cm.<br \/>\nS\u00fcgavus: 200 cm.<br \/>\nLaiused: 80 cm; 90 cm; 120 cm; 140 cm; 160 cm; 180 cm.<br \/>\nTarneaeg: kuni 4 n\u00e4dalat.<\/p>\n","protected":false},"featured_media":9862,"template":"","meta":{"_acf_changed":false,"inline_featured_image":false},"series":[],"product_brand":[2858],"product_cat":[337],"product_tag":[],"class_list":{"0":"post-21528","1":"product","2":"type-product","3":"status-publish","4":"has-post-thumbnail","6":"product_brand-sendeko","7":"product_cat-sendeko-vedrumadratsid","9":"first","10":"instock","11":"taxable","12":"shipping-taxable","13":"purchasable","14":"product-type-variable"},"acf":[],"_links":{"self":[{"href":"https:\/\/mobecor.ee\/en\/wp-json\/wp\/v2\/product\/21528","targetHints":{"allow":["GET"]}}],"collection":[{"href":"https:\/\/mobecor.ee\/en\/wp-json\/wp\/v2\/product"}],"about":[{"href":"https:\/\/mobecor.ee\/en\/wp-json\/wp\/v2\/types\/product"}],"wp:featuredmedia":[{"embeddable":true,"href":"https:\/\/mobecor.ee\/en\/wp-json\/wp\/v2\/media\/9862"}],"wp:attachment":[{"href":"https:\/\/mobecor.ee\/en\/wp-json\/wp\/v2\/media?parent=21528"}],"wp:term":[{"taxonomy":"series","embeddable":true,"href":"https:\/\/mobecor.ee\/en\/wp-json\/wp\/v2\/series?post=21528"},{"taxonomy":"product_brand","embeddable":true,"href":"https:\/\/mobecor.ee\/en\/wp-json\/wp\/v2\/product_brand?post=21528"},{"taxonomy":"product_cat","embeddable":true,"href":"https:\/\/mobecor.ee\/en\/wp-json\/wp\/v2\/product_cat?post=21528"},{"taxonomy":"product_tag","embeddable":true,"href":"https:\/\/mobecor.ee\/en\/wp-json\/wp\/v2\/product_tag?post=21528"}],"curies":[{"name":"wp","href":"https:\/\/api.w.org\/{rel}","templated":true}]}}