{"id":21558,"date":"2025-05-05T11:58:56","date_gmt":"2025-05-05T11:58:56","guid":{"rendered":"https:\/\/mobecor.ee\/?post_type=product&#038;p=21558"},"modified":"2026-01-20T14:58:24","modified_gmt":"2026-01-20T12:58:24","slug":"voodi-besto-bt12-180-s-p","status":"publish","type":"product","link":"https:\/\/mobecor.ee\/en\/toode\/voodi-besto-bt12-180-s-p\/","title":{"rendered":"Voodi Besto BT12\/180 S.P."},"content":{"rendered":"<p>Voodil on \u00fcles t\u00f5stetav (mehhanismiga) voodip\u00f5hi, mille all on mahukas pesukast.<br \/>\nVoodile sobib madrats m\u00f5\u00f5tudes 180 x 200 cm.<br \/>\nMadrats ei kuulu komplekti.<br \/>\nMaterjal:\u00a0lamineeritud puitlaastplaat\u00a0+ MDF, servad ABS.<br \/>\nV\u00e4rv: tamm Evoke\/l\u00e4ikiv alpivalge.<br \/>\nToode tarnitakse detailidena.<br \/>\nToodetud: Poolas.<\/p>\n","protected":false},"excerpt":{"rendered":"<p>Laius:\u00a0198 cm.<br \/>\nS\u00fcgavus:\u00a0204,5 cm.<br \/>\nK\u00f5rgus:\u00a0101,5 cm.<br \/>\nTarneaeg:\u00a04-8 n\u00e4dalat.<\/p>\n","protected":false},"featured_media":9918,"template":"","meta":{"_acf_changed":false,"inline_featured_image":false},"series":[2728],"product_brand":[2945],"product_cat":[4017],"product_tag":[],"class_list":{"0":"post-21558","1":"product","2":"type-product","3":"status-publish","4":"has-post-thumbnail","6":"series-besto","7":"product_brand-liveo","8":"product_cat-voodid-180-x-200","10":"first","11":"instock","12":"taxable","13":"shipping-taxable","14":"purchasable","15":"product-type-simple"},"acf":[],"_links":{"self":[{"href":"https:\/\/mobecor.ee\/en\/wp-json\/wp\/v2\/product\/21558","targetHints":{"allow":["GET"]}}],"collection":[{"href":"https:\/\/mobecor.ee\/en\/wp-json\/wp\/v2\/product"}],"about":[{"href":"https:\/\/mobecor.ee\/en\/wp-json\/wp\/v2\/types\/product"}],"wp:featuredmedia":[{"embeddable":true,"href":"https:\/\/mobecor.ee\/en\/wp-json\/wp\/v2\/media\/9918"}],"wp:attachment":[{"href":"https:\/\/mobecor.ee\/en\/wp-json\/wp\/v2\/media?parent=21558"}],"wp:term":[{"taxonomy":"series","embeddable":true,"href":"https:\/\/mobecor.ee\/en\/wp-json\/wp\/v2\/series?post=21558"},{"taxonomy":"product_brand","embeddable":true,"href":"https:\/\/mobecor.ee\/en\/wp-json\/wp\/v2\/product_brand?post=21558"},{"taxonomy":"product_cat","embeddable":true,"href":"https:\/\/mobecor.ee\/en\/wp-json\/wp\/v2\/product_cat?post=21558"},{"taxonomy":"product_tag","embeddable":true,"href":"https:\/\/mobecor.ee\/en\/wp-json\/wp\/v2\/product_tag?post=21558"}],"curies":[{"name":"wp","href":"https:\/\/api.w.org\/{rel}","templated":true}]}}