{"id":21569,"date":"2025-05-05T11:59:16","date_gmt":"2025-05-05T11:59:16","guid":{"rendered":"https:\/\/mobecor.ee\/?post_type=product&#038;p=21569"},"modified":"2025-12-22T08:11:47","modified_gmt":"2025-12-22T06:11:47","slug":"tootool-relax-1","status":"publish","type":"product","link":"https:\/\/mobecor.ee\/en\/toode\/tootool-relax-1\/","title":{"rendered":"T\u00f6\u00f6tool Relax"},"content":{"rendered":"<p>Toolil on reguleeritava k\u00f5rgusega iste.<br \/>\nTooli iste ja seljatugi on kaetud \u00f6konahaga.<br \/>\nV\u00e4rvivalik: bee\u017e; hall; must; pruun.<br \/>\nMehhanism: Tilt.<br \/>\nK\u00e4etoed: plastikust, kaetud \u00f6konahast pehmendusega.<br \/>\nToodetud: Poolas.<br \/>\nVajab kokku monteerimist.<\/p>\n","protected":false},"excerpt":{"rendered":"<p>Laius: 64 cm.<br \/>\nS\u00fcgavus: 75 cm.<br \/>\nK\u00f5rgus:\u00a0110-118 cm.<br \/>\nIstumisk\u00f5rgus:\u00a046-54 cm.<br \/>\nTarneaeg: 4-8 n\u00e4dalat.<\/p>\n","protected":false},"featured_media":9744,"template":"","meta":{"_acf_changed":false,"inline_featured_image":false},"series":[],"product_brand":[2942],"product_cat":[95],"product_tag":[],"class_list":{"0":"post-21569","1":"product","2":"type-product","3":"status-publish","4":"has-post-thumbnail","6":"product_brand-halmar","7":"product_cat-tootoolid","9":"first","10":"instock","11":"taxable","12":"shipping-taxable","13":"purchasable","14":"product-type-simple"},"acf":[],"_links":{"self":[{"href":"https:\/\/mobecor.ee\/en\/wp-json\/wp\/v2\/product\/21569","targetHints":{"allow":["GET"]}}],"collection":[{"href":"https:\/\/mobecor.ee\/en\/wp-json\/wp\/v2\/product"}],"about":[{"href":"https:\/\/mobecor.ee\/en\/wp-json\/wp\/v2\/types\/product"}],"wp:featuredmedia":[{"embeddable":true,"href":"https:\/\/mobecor.ee\/en\/wp-json\/wp\/v2\/media\/9744"}],"wp:attachment":[{"href":"https:\/\/mobecor.ee\/en\/wp-json\/wp\/v2\/media?parent=21569"}],"wp:term":[{"taxonomy":"series","embeddable":true,"href":"https:\/\/mobecor.ee\/en\/wp-json\/wp\/v2\/series?post=21569"},{"taxonomy":"product_brand","embeddable":true,"href":"https:\/\/mobecor.ee\/en\/wp-json\/wp\/v2\/product_brand?post=21569"},{"taxonomy":"product_cat","embeddable":true,"href":"https:\/\/mobecor.ee\/en\/wp-json\/wp\/v2\/product_cat?post=21569"},{"taxonomy":"product_tag","embeddable":true,"href":"https:\/\/mobecor.ee\/en\/wp-json\/wp\/v2\/product_tag?post=21569"}],"curies":[{"name":"wp","href":"https:\/\/api.w.org\/{rel}","templated":true}]}}