{"id":21592,"date":"2025-05-05T12:00:12","date_gmt":"2025-05-05T12:00:12","guid":{"rendered":"https:\/\/mobecor.ee\/?post_type=product&#038;p=21592"},"modified":"2026-04-20T07:02:59","modified_gmt":"2026-04-20T04:02:59","slug":"diivan-concord-igr","status":"publish","type":"product","link":"https:\/\/mobecor.ee\/en\/toode\/diivan-concord-igr\/","title":{"rendered":"Diivan Concord (235 cm) kangas I gr."},"content":{"rendered":"<p>Diivani\u00a0karkass on valmistatud kasepuidust ja kasevineerist.<br \/>\nSeljatoepatjade katted on luku abil eemaldatavad.<br \/>\nSeljatoepatjade\u00a0t\u00e4idiseks on poroloonkiu ja sule segu.<br \/>\nIstmepatjade t\u00e4idis on poroloon, mis on kaetud sulgedega.<br \/>\nDiivanil\u00a0on sik-sak vedrustus.<br \/>\nJalad on naturaalsest tammepuidust (16 cm).<br \/>\nDiivani katteks on kangas.<span style=\"font-size: 10pt; line-height: 1.3em;\"><br \/>\n<\/span><\/p>\n","protected":false},"excerpt":{"rendered":"<p>Laius: 235 cm.<br \/>\nS\u00fcgavus:\u00a0100 cm.<br \/>\nK\u00f5rgus: 84 cm.<br \/>\nToodetud: Eestis.<br \/>\nTarneaeg: 4-8 n\u00e4dalat.<br \/>\nNB! Antud hind on I grupi kangaga.<br \/>\nSuuremat kangavalikut n\u00e4eb Mobecori m\u00f6\u00f6blipoodides V\u00f5rus ja Tartus.<\/p>\n","protected":false},"featured_media":9790,"template":"","meta":{"_acf_changed":false,"inline_featured_image":false},"series":[],"product_brand":[3080],"product_cat":[83],"product_tag":[],"class_list":{"0":"post-21592","1":"product","2":"type-product","3":"status-publish","4":"has-post-thumbnail","6":"product_brand-tarmeko","7":"product_cat-diivanid","9":"first","10":"instock","11":"taxable","12":"shipping-taxable","13":"purchasable","14":"product-type-simple"},"acf":[],"_links":{"self":[{"href":"https:\/\/mobecor.ee\/en\/wp-json\/wp\/v2\/product\/21592","targetHints":{"allow":["GET"]}}],"collection":[{"href":"https:\/\/mobecor.ee\/en\/wp-json\/wp\/v2\/product"}],"about":[{"href":"https:\/\/mobecor.ee\/en\/wp-json\/wp\/v2\/types\/product"}],"wp:featuredmedia":[{"embeddable":true,"href":"https:\/\/mobecor.ee\/en\/wp-json\/wp\/v2\/media\/9790"}],"wp:attachment":[{"href":"https:\/\/mobecor.ee\/en\/wp-json\/wp\/v2\/media?parent=21592"}],"wp:term":[{"taxonomy":"series","embeddable":true,"href":"https:\/\/mobecor.ee\/en\/wp-json\/wp\/v2\/series?post=21592"},{"taxonomy":"product_brand","embeddable":true,"href":"https:\/\/mobecor.ee\/en\/wp-json\/wp\/v2\/product_brand?post=21592"},{"taxonomy":"product_cat","embeddable":true,"href":"https:\/\/mobecor.ee\/en\/wp-json\/wp\/v2\/product_cat?post=21592"},{"taxonomy":"product_tag","embeddable":true,"href":"https:\/\/mobecor.ee\/en\/wp-json\/wp\/v2\/product_tag?post=21592"}],"curies":[{"name":"wp","href":"https:\/\/api.w.org\/{rel}","templated":true}]}}