{"id":21593,"date":"2025-05-05T12:00:16","date_gmt":"2025-05-05T12:00:16","guid":{"rendered":"https:\/\/mobecor.ee\/?post_type=product&#038;p=21593"},"modified":"2026-04-20T06:57:33","modified_gmt":"2026-04-20T03:57:33","slug":"mooduldiivan-jesse","status":"publish","type":"product","link":"https:\/\/mobecor.ee\/en\/toode\/mooduldiivan-jesse\/","title":{"rendered":"Mooduldiivan Jesse (420 cm) + j\u00e4ri 65*100, kangas I gr."},"content":{"rendered":"<p>Komplekti kuulub: 1-ne moodul k\u00e4etoega; 2 x 1-ne moodul; nurgamoodul ja j\u00e4ri 65 x 100 cm.<br \/>\nDiivani karkass on valmistatud puidust ja vineerist.<br \/>\nSeljatoepatjade katted on luku abil eemaldatavad.<br \/>\nSeljatoepatjade\u00a0t\u00e4idiseks on poroloon.<br \/>\nIstmepatjade t\u00e4idiseks on poroloon.<br \/>\nDiivanil\u00a0on\u00a0spiraalvedrustus.<br \/>\nJalad on kasepuidust (3 cm).<br \/>\nMooduleid saab omavahel kinnitada, v\u00e4lja arvatud j\u00e4ri. Kinnitused kuuluvad komplekti.<br \/>\nDiivani katteks on kangas.<span style=\"font-size: 10pt; line-height: 1.3em;\"><br \/>\n<\/span><\/p>\n","protected":false},"excerpt":{"rendered":"<p>Laius: 420 cm.<br \/>\nS\u00fcgavus koos j\u00e4riga: 165 cm.<br \/>\nK\u00f5rgus: 75 cm.<br \/>\nToodetud: Eestis.<br \/>\nTarneaeg: 4-8 n\u00e4dalat.<br \/>\nNB! Antud hind on I grupi kangaga.<br \/>\nSuuremat kangavalikut n\u00e4eb Mobecori m\u00f6\u00f6blipoodides V\u00f5rus ja Tartus.<\/p>\n","protected":false},"featured_media":9792,"template":"","meta":{"_acf_changed":false,"inline_featured_image":false},"series":[],"product_brand":[3080],"product_cat":[213,83],"product_tag":[],"class_list":{"0":"post-21593","1":"product","2":"type-product","3":"status-publish","4":"has-post-thumbnail","6":"product_brand-tarmeko","7":"product_cat-nurgadiivanid","8":"product_cat-diivanid","10":"first","11":"instock","12":"taxable","13":"shipping-taxable","14":"purchasable","15":"product-type-simple"},"acf":[],"_links":{"self":[{"href":"https:\/\/mobecor.ee\/en\/wp-json\/wp\/v2\/product\/21593","targetHints":{"allow":["GET"]}}],"collection":[{"href":"https:\/\/mobecor.ee\/en\/wp-json\/wp\/v2\/product"}],"about":[{"href":"https:\/\/mobecor.ee\/en\/wp-json\/wp\/v2\/types\/product"}],"wp:featuredmedia":[{"embeddable":true,"href":"https:\/\/mobecor.ee\/en\/wp-json\/wp\/v2\/media\/9792"}],"wp:attachment":[{"href":"https:\/\/mobecor.ee\/en\/wp-json\/wp\/v2\/media?parent=21593"}],"wp:term":[{"taxonomy":"series","embeddable":true,"href":"https:\/\/mobecor.ee\/en\/wp-json\/wp\/v2\/series?post=21593"},{"taxonomy":"product_brand","embeddable":true,"href":"https:\/\/mobecor.ee\/en\/wp-json\/wp\/v2\/product_brand?post=21593"},{"taxonomy":"product_cat","embeddable":true,"href":"https:\/\/mobecor.ee\/en\/wp-json\/wp\/v2\/product_cat?post=21593"},{"taxonomy":"product_tag","embeddable":true,"href":"https:\/\/mobecor.ee\/en\/wp-json\/wp\/v2\/product_tag?post=21593"}],"curies":[{"name":"wp","href":"https:\/\/api.w.org\/{rel}","templated":true}]}}