{"id":21597,"date":"2025-05-05T12:00:32","date_gmt":"2025-05-05T12:00:32","guid":{"rendered":"https:\/\/mobecor.ee\/?post_type=product&#038;p=21597"},"modified":"2025-12-16T14:43:34","modified_gmt":"2025-12-16T12:43:34","slug":"tool-loreta-naturaalne","status":"publish","type":"product","link":"https:\/\/mobecor.ee\/en\/toode\/tool-loreta-naturaalne\/","title":{"rendered":"Tool Loreta, naturaalne"},"content":{"rendered":"<ul>\n<li><span style=\"font-size: 10pt;\">Tooli karkass on valmistatud t\u00e4ispuidust, iste MDF.<\/span><\/li>\n<li><span style=\"line-height: 1.3em; font-size: 10pt;\">V\u00e4rv: naturaalne.<\/span><\/li>\n<li><span style=\"line-height: 1.3em; font-size: 10pt;\">K\u00f5rgus: 45\/85 cm.<\/span><\/li>\n<li><span style=\"line-height: 1.3em; font-size: 10pt;\">Laius: 40 cm.<\/span><\/li>\n<li><span style=\"line-height: 1.3em; font-size: 10pt;\">S\u00fcgavus: 44 cm.<\/span><\/li>\n<li><span style=\"line-height: 1.3em; font-size: 10pt;\">Tarneaeg: 4-8 n\u00e4dalat.<\/span><\/li>\n<\/ul>\n","protected":false},"excerpt":{"rendered":"<p>Tooli karkass on valmistatud t\u00e4ispuidust, iste MDF. V\u00e4rv: naturaalne. K\u00f5rgus: 45\/85 cm. Laius: 40 cm. S\u00fcgavus: 44 cm. Tarneaeg: 4-8&#8230;<\/p>\n","protected":false},"featured_media":9800,"template":"","meta":{"_acf_changed":false,"inline_featured_image":false},"series":[],"product_brand":[2913],"product_cat":[51],"product_tag":[],"class_list":{"0":"post-21597","1":"product","2":"type-product","3":"status-publish","4":"has-post-thumbnail","6":"product_brand-grafio","7":"product_cat-toolid","9":"first","10":"instock","11":"taxable","12":"shipping-taxable","13":"purchasable","14":"product-type-simple"},"acf":[],"_links":{"self":[{"href":"https:\/\/mobecor.ee\/en\/wp-json\/wp\/v2\/product\/21597","targetHints":{"allow":["GET"]}}],"collection":[{"href":"https:\/\/mobecor.ee\/en\/wp-json\/wp\/v2\/product"}],"about":[{"href":"https:\/\/mobecor.ee\/en\/wp-json\/wp\/v2\/types\/product"}],"wp:featuredmedia":[{"embeddable":true,"href":"https:\/\/mobecor.ee\/en\/wp-json\/wp\/v2\/media\/9800"}],"wp:attachment":[{"href":"https:\/\/mobecor.ee\/en\/wp-json\/wp\/v2\/media?parent=21597"}],"wp:term":[{"taxonomy":"series","embeddable":true,"href":"https:\/\/mobecor.ee\/en\/wp-json\/wp\/v2\/series?post=21597"},{"taxonomy":"product_brand","embeddable":true,"href":"https:\/\/mobecor.ee\/en\/wp-json\/wp\/v2\/product_brand?post=21597"},{"taxonomy":"product_cat","embeddable":true,"href":"https:\/\/mobecor.ee\/en\/wp-json\/wp\/v2\/product_cat?post=21597"},{"taxonomy":"product_tag","embeddable":true,"href":"https:\/\/mobecor.ee\/en\/wp-json\/wp\/v2\/product_tag?post=21597"}],"curies":[{"name":"wp","href":"https:\/\/api.w.org\/{rel}","templated":true}]}}