{"id":21607,"date":"2025-05-05T12:01:24","date_gmt":"2025-05-05T12:01:24","guid":{"rendered":"https:\/\/mobecor.ee\/?post_type=product&#038;p=21607"},"modified":"2026-03-12T12:15:38","modified_gmt":"2026-03-12T10:15:38","slug":"vedrumadrats-samba-eco","status":"publish","type":"product","link":"https:\/\/mobecor.ee\/en\/toode\/vedrumadrats-samba-eco\/","title":{"rendered":"Vedrumadrats Samba Eco"},"content":{"rendered":"<p>Kahepoolne erineva tugevusastmega k\u00fclgedega madrats.<br \/>\nMadratsil on pocket-vedrustus, mille puhul on k\u00f5ik vedrud on pakitud eraldi riidest kottidesse.<br \/>\nSelline vedrus\u00fcsteem v\u00f5tab inimese keha j\u00e4rgi kuju, keharaskus jaotub \u00fchtlaselt madratsile ja iga vedru t\u00f6\u00f6tab individuaalselt nii, et keha saab just \u00f5igetest ja vajalikest kohtadest tuge, mis toob esile madratsi ortopeedilised omadused.<br \/>\nVedruplokk on tugevdatud metallraami ja vildikihiga.<br \/>\nSelle madratsi \u00fcks k\u00fclg on kaetud naturaalse kookoskui kihiga, mis muudab madratsi \u00fcsna j\u00e4igaks.<br \/>\nTeisel pool on looduslik lateks &#8211; elastne materjal, millel on tugevad ortopeedilised omadused.<br \/>\nSee madrats meeldib kindlasti neile, kellele meeldib aeg-ajalt oma magamispinna k\u00f5vadust muuta.<br \/>\nMadratsi kate: m\u00f5lemalt poolt s\u00fcnteponiga tepitud\u00a0kangas (tihedus 300g\/m2).<br \/>\nSisu:<br \/>\n* lateks<br \/>\n* vilt,<br \/>\n* pocket vedrustus + metallraam<br \/>\n* vilt,<br \/>\n* kookoskiud.<br \/>\nToodetud: L\u00e4tis.<\/p>\n","protected":false},"excerpt":{"rendered":"<p>Madratsi k\u00f5rgus: 23 cm.<br \/>\nS\u00fcgavus: 200 cm.<br \/>\nLaiused: 80; 90; 120; 140; 160; 180 cm.<br \/>\nTarneaeg: kuni 4 n\u00e4dalat.<\/p>\n","protected":false},"featured_media":9820,"template":"","meta":{"_acf_changed":false,"inline_featured_image":false},"series":[],"product_brand":[2858],"product_cat":[337],"product_tag":[],"class_list":{"0":"post-21607","1":"product","2":"type-product","3":"status-publish","4":"has-post-thumbnail","6":"product_brand-sendeko","7":"product_cat-sendeko-vedrumadratsid","9":"first","10":"instock","11":"taxable","12":"shipping-taxable","13":"purchasable","14":"product-type-variable"},"acf":[],"_links":{"self":[{"href":"https:\/\/mobecor.ee\/en\/wp-json\/wp\/v2\/product\/21607","targetHints":{"allow":["GET"]}}],"collection":[{"href":"https:\/\/mobecor.ee\/en\/wp-json\/wp\/v2\/product"}],"about":[{"href":"https:\/\/mobecor.ee\/en\/wp-json\/wp\/v2\/types\/product"}],"wp:featuredmedia":[{"embeddable":true,"href":"https:\/\/mobecor.ee\/en\/wp-json\/wp\/v2\/media\/9820"}],"wp:attachment":[{"href":"https:\/\/mobecor.ee\/en\/wp-json\/wp\/v2\/media?parent=21607"}],"wp:term":[{"taxonomy":"series","embeddable":true,"href":"https:\/\/mobecor.ee\/en\/wp-json\/wp\/v2\/series?post=21607"},{"taxonomy":"product_brand","embeddable":true,"href":"https:\/\/mobecor.ee\/en\/wp-json\/wp\/v2\/product_brand?post=21607"},{"taxonomy":"product_cat","embeddable":true,"href":"https:\/\/mobecor.ee\/en\/wp-json\/wp\/v2\/product_cat?post=21607"},{"taxonomy":"product_tag","embeddable":true,"href":"https:\/\/mobecor.ee\/en\/wp-json\/wp\/v2\/product_tag?post=21607"}],"curies":[{"name":"wp","href":"https:\/\/api.w.org\/{rel}","templated":true}]}}