{"id":21608,"date":"2025-05-05T12:01:28","date_gmt":"2025-05-05T12:01:28","guid":{"rendered":"https:\/\/mobecor.ee\/?post_type=product&#038;p=21608"},"modified":"2026-03-12T12:15:28","modified_gmt":"2026-03-12T10:15:28","slug":"ve","status":"publish","type":"product","link":"https:\/\/mobecor.ee\/en\/toode\/ve\/","title":{"rendered":"Vedrumadrats Tango Premium Pocket"},"content":{"rendered":"<p>Kahepoolne keskmise tugevusega madrats, mis p\u00f5hineb eriti k\u00f5rgel s\u00f5ltumatul Pocket vedruplokil (vedrud on pakitud eraldi riidest kottidesse).<br \/>\nSelline vedruploki disain tagab keha \u00fchtlase kaalujaotuse, andes madratsile tugevad ortopeedilised omadused.<br \/>\nVedruplokk on tugevdatud metallraamiga.<br \/>\nVedrude vahel olev vildikiht\u00a0 ja madratsi teppimises sisalduv k\u00f5rgtehnoloogiline vahtpol\u00fcuretaan (m\u00f6\u00f6bli poroloon) annab madratsile k\u00f5vaduse ja kaitseb vahtpol\u00fcuretaani paremini metalli eest.<br \/>\nKate on pehmest trikookangast.<br \/>\nSisu:<br \/>\n*\u00a0vahtpol\u00fcuretaan (m\u00f6\u00f6bliporoloon) 25kg\/m3,<br \/>\n* vilt,<br \/>\n* pocket vedrustus (traadi l\u00e4bim\u00f5\u00f5t 1,8 mm) + metallraam,<br \/>\n* vilt,<br \/>\n*\u00a0vahtpol\u00fcuretaan (m\u00f6\u00f6bliporoloon) 25kg\/m3.<br \/>\nToodetud: L\u00e4tis.<\/p>\n","protected":false},"excerpt":{"rendered":"<p>K\u00f5rgus: 22 cm.<br \/>\nS\u00fcgavus: 200 cm.<br \/>\nLaiused: 80; 90; 120; 140; 160; 180 cm.<br \/>\nTarneaeg: kuni 4 n\u00e4dalat.<\/p>\n","protected":false},"featured_media":9822,"template":"","meta":{"_acf_changed":false,"inline_featured_image":false},"series":[],"product_brand":[2858],"product_cat":[337],"product_tag":[],"class_list":{"0":"post-21608","1":"product","2":"type-product","3":"status-publish","4":"has-post-thumbnail","6":"product_brand-sendeko","7":"product_cat-sendeko-vedrumadratsid","9":"first","10":"instock","11":"taxable","12":"shipping-taxable","13":"purchasable","14":"product-type-variable"},"acf":[],"_links":{"self":[{"href":"https:\/\/mobecor.ee\/en\/wp-json\/wp\/v2\/product\/21608","targetHints":{"allow":["GET"]}}],"collection":[{"href":"https:\/\/mobecor.ee\/en\/wp-json\/wp\/v2\/product"}],"about":[{"href":"https:\/\/mobecor.ee\/en\/wp-json\/wp\/v2\/types\/product"}],"wp:featuredmedia":[{"embeddable":true,"href":"https:\/\/mobecor.ee\/en\/wp-json\/wp\/v2\/media\/9822"}],"wp:attachment":[{"href":"https:\/\/mobecor.ee\/en\/wp-json\/wp\/v2\/media?parent=21608"}],"wp:term":[{"taxonomy":"series","embeddable":true,"href":"https:\/\/mobecor.ee\/en\/wp-json\/wp\/v2\/series?post=21608"},{"taxonomy":"product_brand","embeddable":true,"href":"https:\/\/mobecor.ee\/en\/wp-json\/wp\/v2\/product_brand?post=21608"},{"taxonomy":"product_cat","embeddable":true,"href":"https:\/\/mobecor.ee\/en\/wp-json\/wp\/v2\/product_cat?post=21608"},{"taxonomy":"product_tag","embeddable":true,"href":"https:\/\/mobecor.ee\/en\/wp-json\/wp\/v2\/product_tag?post=21608"}],"curies":[{"name":"wp","href":"https:\/\/api.w.org\/{rel}","templated":true}]}}