{"id":21636,"date":"2025-05-05T12:03:45","date_gmt":"2025-05-05T12:03:45","guid":{"rendered":"https:\/\/mobecor.ee\/?post_type=product&#038;p=21636"},"modified":"2026-04-07T14:36:43","modified_gmt":"2026-04-07T11:36:43","slug":"nurgadiivanvoodi-solano-1","status":"publish","type":"product","link":"https:\/\/mobecor.ee\/en\/toode\/nurgadiivanvoodi-solano-1\/","title":{"rendered":"Nurgadiivanvoodi Solano S (260\/167)"},"content":{"rendered":"<p>Nurgadiivanvoodil on\u00a0sik-sak vedrustus.<br \/>\nIstumisosa all on pesukast.<br \/>\nMagamisosa avaneb lihtsalt\u00a0ja sobib igap\u00e4evaseks kasutuseks.<br \/>\nToodetud: Poolas.<br \/>\nNB! Hind kehtib I grupi kangastega (piltidel I grupi kangad).<br \/>\nSuuremat kangavalikut on v\u00f5imalik n\u00e4ha Mobecori m\u00f6\u00f6blipoes V\u00f5rus.<span style=\"font-size: 14px;\"><br \/>\n<\/span><\/p>\n","protected":false},"excerpt":{"rendered":"<p>Laius: 260 cm.<br \/>\nS\u00fcgavus: 100\/167 cm.<br \/>\nK\u00f5rgus: 71\/83 cm.<br \/>\nIstumisk\u00f5rgus: 43 cm.<br \/>\nMagamiskoht : 128 x 230 cm.<br \/>\nPesukasti m\u00f5\u00f5dud: L 127 x 60 cm x 13 cm.<br \/>\nJala k\u00f5rgus: 16 cm.<br \/>\nTarneaeg: 10-16 n\u00e4dalat.<\/p>\n","protected":false},"featured_media":9676,"template":"","meta":{"_acf_changed":false,"inline_featured_image":false},"series":[],"product_brand":[2955],"product_cat":[213],"product_tag":[],"class_list":{"0":"post-21636","1":"product","2":"type-product","3":"status-publish","4":"has-post-thumbnail","6":"product_brand-wersal","7":"product_cat-nurgadiivanid","9":"first","10":"instock","11":"taxable","12":"shipping-taxable","13":"purchasable","14":"product-type-simple"},"acf":[],"_links":{"self":[{"href":"https:\/\/mobecor.ee\/en\/wp-json\/wp\/v2\/product\/21636","targetHints":{"allow":["GET"]}}],"collection":[{"href":"https:\/\/mobecor.ee\/en\/wp-json\/wp\/v2\/product"}],"about":[{"href":"https:\/\/mobecor.ee\/en\/wp-json\/wp\/v2\/types\/product"}],"wp:featuredmedia":[{"embeddable":true,"href":"https:\/\/mobecor.ee\/en\/wp-json\/wp\/v2\/media\/9676"}],"wp:attachment":[{"href":"https:\/\/mobecor.ee\/en\/wp-json\/wp\/v2\/media?parent=21636"}],"wp:term":[{"taxonomy":"series","embeddable":true,"href":"https:\/\/mobecor.ee\/en\/wp-json\/wp\/v2\/series?post=21636"},{"taxonomy":"product_brand","embeddable":true,"href":"https:\/\/mobecor.ee\/en\/wp-json\/wp\/v2\/product_brand?post=21636"},{"taxonomy":"product_cat","embeddable":true,"href":"https:\/\/mobecor.ee\/en\/wp-json\/wp\/v2\/product_cat?post=21636"},{"taxonomy":"product_tag","embeddable":true,"href":"https:\/\/mobecor.ee\/en\/wp-json\/wp\/v2\/product_tag?post=21636"}],"curies":[{"name":"wp","href":"https:\/\/api.w.org\/{rel}","templated":true}]}}