{"id":21640,"date":"2025-05-05T12:04:12","date_gmt":"2025-05-05T12:04:12","guid":{"rendered":"https:\/\/mobecor.ee\/?post_type=product&#038;p=21640"},"modified":"2025-09-16T13:03:00","modified_gmt":"2025-09-16T10:03:00","slug":"koogikomplekt-idea-180-tamm-wotan-antracyt","status":"publish","type":"product","link":"https:\/\/mobecor.ee\/en\/toode\/koogikomplekt-idea-180-tamm-wotan-antracyt\/","title":{"rendered":"K\u00f6\u00f6gikomplekt Idea 180 (tamm wotan\/antracyt)"},"content":{"rendered":"<p><span style=\"font-size: 10pt;\">Komplekti kuulub:<br \/>\n* 2-uksega seinakapp, laius 90 cm\/k\u00f5rgus 100 cm\/s\u00fcgavus 31,6 cm;<br \/>\n* 2-uksega seinakapp, laius 90 cm\/k\u00f5rgus 100 cm\/s\u00fcgavus 31,6 cm;<br \/>\n* 2-uksega p\u00f5randakapp\/valamukapp, laius 90 cm\/k\u00f5rgus\u00a082 cm\/s\u00fcgavus\u00a060 cm;<br \/>\n* 3-sahtliga p\u00f5randakapp, laius 90 cm\/k\u00f5rgus 82 cm\/s\u00fcgavus 60 cm;<br \/>\n*\u00a038 mm paksusega t\u00f6\u00f6pind, laiusega 180,2 cm ja s\u00fcgavusega 60 cm.<br \/>\nKappide j\u00e4rjestust on v\u00f5imalik muuta vastavalt omale soovile.<br \/>\n<\/span><span style=\"font-size: 10pt;\">Uksed on vaikselt sulguvad.<br \/>\n<\/span><\/p>\n","protected":false},"excerpt":{"rendered":"<p><span style=\"font-size: 10pt;\">Materjal: lamineeritud MDF plaat.<br \/>\nEsipindade v\u00e4rv: tamm Wotan.<\/span><br \/>\n<span style=\"font-size: 10pt;\">Korpuse v\u00e4rv: antratsiithall.<br \/>\n<\/span><span style=\"font-size: 10pt;\">T\u00f6\u00f6pinna v\u00e4rv: antratsiithall.<\/span><br \/>\n<span style=\"font-size: 10pt;\">Toodetud: Poolas.<\/span><br \/>\n<span style=\"font-size: 10pt;\">Laius:\u00a0180 cm.<\/span><br \/>\n<span style=\"font-size: 10pt;\">Tarneaeg: 4-8 n\u00e4dalat.<br \/>\n<\/span><span style=\"font-size: 10pt;\">NB! Valamu ja tehnika ei kuulu komplekti.<\/span><\/p>\n","protected":false},"featured_media":9684,"template":"","meta":{"_acf_changed":false,"inline_featured_image":false},"series":[],"product_brand":[2942],"product_cat":[196],"product_tag":[],"class_list":{"0":"post-21640","1":"product","2":"type-product","3":"status-publish","4":"has-post-thumbnail","6":"product_brand-halmar","7":"product_cat-koogikomplektid","9":"first","10":"instock","11":"taxable","12":"shipping-taxable","13":"purchasable","14":"product-type-simple"},"acf":[],"_links":{"self":[{"href":"https:\/\/mobecor.ee\/en\/wp-json\/wp\/v2\/product\/21640","targetHints":{"allow":["GET"]}}],"collection":[{"href":"https:\/\/mobecor.ee\/en\/wp-json\/wp\/v2\/product"}],"about":[{"href":"https:\/\/mobecor.ee\/en\/wp-json\/wp\/v2\/types\/product"}],"wp:featuredmedia":[{"embeddable":true,"href":"https:\/\/mobecor.ee\/en\/wp-json\/wp\/v2\/media\/9684"}],"wp:attachment":[{"href":"https:\/\/mobecor.ee\/en\/wp-json\/wp\/v2\/media?parent=21640"}],"wp:term":[{"taxonomy":"series","embeddable":true,"href":"https:\/\/mobecor.ee\/en\/wp-json\/wp\/v2\/series?post=21640"},{"taxonomy":"product_brand","embeddable":true,"href":"https:\/\/mobecor.ee\/en\/wp-json\/wp\/v2\/product_brand?post=21640"},{"taxonomy":"product_cat","embeddable":true,"href":"https:\/\/mobecor.ee\/en\/wp-json\/wp\/v2\/product_cat?post=21640"},{"taxonomy":"product_tag","embeddable":true,"href":"https:\/\/mobecor.ee\/en\/wp-json\/wp\/v2\/product_tag?post=21640"}],"curies":[{"name":"wp","href":"https:\/\/api.w.org\/{rel}","templated":true}]}}