{"id":21644,"date":"2025-05-05T12:04:23","date_gmt":"2025-05-05T12:04:23","guid":{"rendered":"https:\/\/mobecor.ee\/?post_type=product&#038;p=21644"},"modified":"2025-09-16T12:56:19","modified_gmt":"2025-09-16T09:56:19","slug":"koogikomplekt-elizabeth-240","status":"publish","type":"product","link":"https:\/\/mobecor.ee\/en\/toode\/koogikomplekt-elizabeth-240\/","title":{"rendered":"K\u00f6\u00f6gikomplekt Elizabeth 240"},"content":{"rendered":"<p><span style=\"font-size: 10pt;\">Komplekti kuulub:<br \/>\n* 2-uksega (uksed klaasiga) seinakapp, laius\u00a080 cm\/k\u00f5rgus\u00a072 cm\/s\u00fcgavus 31,6 cm;<br \/>\n* 1-uksega seinakapp \u00f5hupuhastile, laius 60 cm\/k\u00f5rgus 36 cm\/s\u00fcgavus 31,6 cm;<br \/>\n* 1-uksega seinakapp, laius 40 cm\/k\u00f5rgus 72 cm\/s\u00fcgavus 31,6 cm;<br \/>\n* 2-uksega seinakapp, laius 60 cm\/k\u00f5rgus 72 cm\/s\u00fcgavus 31,6 cm;<br \/>\n* 2-uksega p\u00f5randakapp, laius\u00a080 cm\/k\u00f5rgus 82 cm\/s\u00fcgavus\u00a047 cm;<br \/>\n* 3-sahtliga p\u00f5randakapp, laius 40 cm\/k\u00f5rgus 82 cm\/s\u00fcgavus\u00a047\u00a0cm;<br \/>\n*\u00a02-uksega p\u00f5randakapp\/valamukapp, laius 60 cm\/k\u00f5rgus 82 cm\/s\u00fcgavus\u00a047\u00a0cm;<br \/>\n* 28 mm paksusega t\u00f6\u00f6pind laiusega 100 cm ja 80 cm. T\u00f6\u00f6pinna s\u00fcgavus: 60 cm.<br \/>\nKappide j\u00e4rjestust on v\u00f5imalik muuta vastavalt omale soovile.<br \/>\n<\/span><\/p>\n","protected":false},"excerpt":{"rendered":"<p><span style=\"font-size: 10pt;\">Materjal: lamineeritud m\u00f6\u00f6bliplaat.<br \/>\nEsipindade v\u00e4rv: valge.<\/span><br \/>\n<span style=\"font-size: 10pt;\">Korpuse v\u00e4rv: valge.<br \/>\n<\/span><span style=\"font-size: 10pt;\">T\u00f6\u00f6pinna v\u00e4rv: sonoma.<\/span><br \/>\n<span style=\"font-size: 10pt;\">Toodetud: Poolas.<\/span><br \/>\n<span style=\"font-size: 10pt;\">Laius:\u00a0240 cm.<\/span><br \/>\n<span style=\"font-size: 10pt;\">Tarneaeg: 4-8 n\u00e4dalat.<br \/>\n<\/span><span style=\"font-size: 10pt;\">NB! Valamu ja tehnika ei kuulu komplekti.<\/span><\/p>\n","protected":false},"featured_media":9692,"template":"","meta":{"_acf_changed":false,"inline_featured_image":false},"series":[],"product_brand":[2942],"product_cat":[196],"product_tag":[],"class_list":{"0":"post-21644","1":"product","2":"type-product","3":"status-publish","4":"has-post-thumbnail","6":"product_brand-halmar","7":"product_cat-koogikomplektid","9":"first","10":"instock","11":"taxable","12":"shipping-taxable","13":"purchasable","14":"product-type-simple"},"acf":[],"_links":{"self":[{"href":"https:\/\/mobecor.ee\/en\/wp-json\/wp\/v2\/product\/21644","targetHints":{"allow":["GET"]}}],"collection":[{"href":"https:\/\/mobecor.ee\/en\/wp-json\/wp\/v2\/product"}],"about":[{"href":"https:\/\/mobecor.ee\/en\/wp-json\/wp\/v2\/types\/product"}],"wp:featuredmedia":[{"embeddable":true,"href":"https:\/\/mobecor.ee\/en\/wp-json\/wp\/v2\/media\/9692"}],"wp:attachment":[{"href":"https:\/\/mobecor.ee\/en\/wp-json\/wp\/v2\/media?parent=21644"}],"wp:term":[{"taxonomy":"series","embeddable":true,"href":"https:\/\/mobecor.ee\/en\/wp-json\/wp\/v2\/series?post=21644"},{"taxonomy":"product_brand","embeddable":true,"href":"https:\/\/mobecor.ee\/en\/wp-json\/wp\/v2\/product_brand?post=21644"},{"taxonomy":"product_cat","embeddable":true,"href":"https:\/\/mobecor.ee\/en\/wp-json\/wp\/v2\/product_cat?post=21644"},{"taxonomy":"product_tag","embeddable":true,"href":"https:\/\/mobecor.ee\/en\/wp-json\/wp\/v2\/product_tag?post=21644"}],"curies":[{"name":"wp","href":"https:\/\/api.w.org\/{rel}","templated":true}]}}