{"id":21646,"date":"2025-05-05T12:04:28","date_gmt":"2025-05-05T12:04:28","guid":{"rendered":"https:\/\/mobecor.ee\/?post_type=product&#038;p=21646"},"modified":"2025-09-16T12:45:02","modified_gmt":"2025-09-16T09:45:02","slug":"koogikomplekt-amanda-2-260","status":"publish","type":"product","link":"https:\/\/mobecor.ee\/en\/toode\/koogikomplekt-amanda-2-260\/","title":{"rendered":"K\u00f6\u00f6gikomplekt Amanda 2 260"},"content":{"rendered":"<p><span style=\"font-size: 10pt;\">Komplekti kuulub:<br \/>\n* 2-uksega seinakapp, laius\u00a080 cm\/k\u00f5rgus 57 cm\/s\u00fcgavus 31 cm;<br \/>\n* 1-uksega seinakapp, laius 40 cm\/k\u00f5rgus 57 cm\/s\u00fcgavus 31 cm;<br \/>\n*\u00a01-uksega seinakapp \u00f5hupuhastile, laius 60 cm\/k\u00f5rgus 40 cm\/s\u00fcgavus 31 cm;<br \/>\n* 2-uksega (uksed osaliselt klaasiga) seinakapp, laius 80 cm\/k\u00f5rgus 57 cm\/s\u00fcgavus 31cm;<br \/>\n*\u00a02-uksega valamukapp, laius 80 cm\/k\u00f5rgus 82 cm\/s\u00fcgavus 45 cm;<br \/>\n* 4-sahtliga p\u00f5randakapp, laius 40 cm\/k\u00f5rgus 85 cm (koos t\u00f6\u00f6pinnaga)\/s\u00fcgavus 45 cm;<br \/>\n<\/span><span style=\"font-size: 10pt;\">\u00a0 \u00a0* 2-uksega p\u00f5randakapp, laius 80 cm\/k\u00f5rgus 85 cm (koos t\u00f6\u00f6pinnaga)\/s\u00fcgavus 45 cm;<br \/>\n* 28 mm paksusega t\u00f6\u00f6pind laiusega\u00a040 cm ja 80 cm. T\u00f6\u00f6pinna s\u00fcgavus: 60 cm.<br \/>\nKappide j\u00e4rjestust on v\u00f5imalik muuta vastavalt omale soovile.<br \/>\n<\/span><\/p>\n","protected":false},"excerpt":{"rendered":"<p><span style=\"font-size: 10pt;\">Materjal: lamineeritud m\u00f6\u00f6bliplaat.<br \/>\nEsipindade v\u00e4rv: akaatsia kaneel\/priede arden.<\/span><br \/>\n<span style=\"font-size: 10pt;\">Korpuse v\u00e4rv: wenge.<br \/>\n<\/span><span style=\"font-size: 10pt;\">T\u00f6\u00f6pinna v\u00e4rv: graniit.<\/span><br \/>\n<span style=\"font-size: 10pt;\">Toodetud: Poolas.<\/span><br \/>\n<span style=\"font-size: 10pt;\">Laius: 260 cm.<\/span><br \/>\n<span style=\"font-size: 10pt;\">Tarneaeg: 4-8 n\u00e4dalat.<br \/>\n<\/span><span style=\"font-size: 10pt;\">NB! Valamu ja tehnika ei kuulu komplekti.<\/span><\/p>\n","protected":false},"featured_media":9696,"template":"","meta":{"_acf_changed":false,"inline_featured_image":false},"series":[],"product_brand":[2942],"product_cat":[196],"product_tag":[],"class_list":{"0":"post-21646","1":"product","2":"type-product","3":"status-publish","4":"has-post-thumbnail","6":"product_brand-halmar","7":"product_cat-koogikomplektid","9":"first","10":"instock","11":"taxable","12":"shipping-taxable","13":"purchasable","14":"product-type-simple"},"acf":[],"_links":{"self":[{"href":"https:\/\/mobecor.ee\/en\/wp-json\/wp\/v2\/product\/21646","targetHints":{"allow":["GET"]}}],"collection":[{"href":"https:\/\/mobecor.ee\/en\/wp-json\/wp\/v2\/product"}],"about":[{"href":"https:\/\/mobecor.ee\/en\/wp-json\/wp\/v2\/types\/product"}],"wp:featuredmedia":[{"embeddable":true,"href":"https:\/\/mobecor.ee\/en\/wp-json\/wp\/v2\/media\/9696"}],"wp:attachment":[{"href":"https:\/\/mobecor.ee\/en\/wp-json\/wp\/v2\/media?parent=21646"}],"wp:term":[{"taxonomy":"series","embeddable":true,"href":"https:\/\/mobecor.ee\/en\/wp-json\/wp\/v2\/series?post=21646"},{"taxonomy":"product_brand","embeddable":true,"href":"https:\/\/mobecor.ee\/en\/wp-json\/wp\/v2\/product_brand?post=21646"},{"taxonomy":"product_cat","embeddable":true,"href":"https:\/\/mobecor.ee\/en\/wp-json\/wp\/v2\/product_cat?post=21646"},{"taxonomy":"product_tag","embeddable":true,"href":"https:\/\/mobecor.ee\/en\/wp-json\/wp\/v2\/product_tag?post=21646"}],"curies":[{"name":"wp","href":"https:\/\/api.w.org\/{rel}","templated":true}]}}