{"id":21651,"date":"2025-05-05T12:04:43","date_gmt":"2025-05-05T12:04:43","guid":{"rendered":"https:\/\/mobecor.ee\/?post_type=product&#038;p=21651"},"modified":"2025-09-16T12:33:42","modified_gmt":"2025-09-16T09:33:42","slug":"diivanilaud-afina-o-90","status":"publish","type":"product","link":"https:\/\/mobecor.ee\/en\/toode\/diivanilaud-afina-o-90\/","title":{"rendered":"Diivanilaud Afina (90\/90\/46)"},"content":{"rendered":"<p><span style=\"font-size: 10pt;\">Lauaplaat: peegelklaasist.<br \/>\nLauajalad: roostevabast terasest &#8211; kulla v\u00e4rvi.<br \/>\n<\/span><span style=\"font-size: 10pt;\">Toodetud: Poolas.<\/span><br \/>\n<span style=\"line-height: 1.3em; font-size: 10pt;\"><br \/>\n<\/span><\/p>\n","protected":false},"excerpt":{"rendered":"<p><span style=\"line-height: 1.3em; font-size: 10pt;\">Lauaplaadi l\u00e4bim\u00f5\u00f5t:\u00a090 cm.<br \/>\nLaua k\u00f5rgus:\u00a046 cm.<br \/>\nTarneaeg: 4-8 n\u00e4dalat.<\/span><\/p>\n","protected":false},"featured_media":9706,"template":"","meta":{"_acf_changed":false,"inline_featured_image":false},"series":[],"product_brand":[2942],"product_cat":[37],"product_tag":[],"class_list":{"0":"post-21651","1":"product","2":"type-product","3":"status-publish","4":"has-post-thumbnail","6":"product_brand-halmar","7":"product_cat-diivanilauad","9":"first","10":"instock","11":"taxable","12":"shipping-taxable","13":"purchasable","14":"product-type-simple"},"acf":[],"_links":{"self":[{"href":"https:\/\/mobecor.ee\/en\/wp-json\/wp\/v2\/product\/21651","targetHints":{"allow":["GET"]}}],"collection":[{"href":"https:\/\/mobecor.ee\/en\/wp-json\/wp\/v2\/product"}],"about":[{"href":"https:\/\/mobecor.ee\/en\/wp-json\/wp\/v2\/types\/product"}],"wp:featuredmedia":[{"embeddable":true,"href":"https:\/\/mobecor.ee\/en\/wp-json\/wp\/v2\/media\/9706"}],"wp:attachment":[{"href":"https:\/\/mobecor.ee\/en\/wp-json\/wp\/v2\/media?parent=21651"}],"wp:term":[{"taxonomy":"series","embeddable":true,"href":"https:\/\/mobecor.ee\/en\/wp-json\/wp\/v2\/series?post=21651"},{"taxonomy":"product_brand","embeddable":true,"href":"https:\/\/mobecor.ee\/en\/wp-json\/wp\/v2\/product_brand?post=21651"},{"taxonomy":"product_cat","embeddable":true,"href":"https:\/\/mobecor.ee\/en\/wp-json\/wp\/v2\/product_cat?post=21651"},{"taxonomy":"product_tag","embeddable":true,"href":"https:\/\/mobecor.ee\/en\/wp-json\/wp\/v2\/product_tag?post=21651"}],"curies":[{"name":"wp","href":"https:\/\/api.w.org\/{rel}","templated":true}]}}