{"id":21682,"date":"2025-05-05T12:05:54","date_gmt":"2025-05-05T12:05:54","guid":{"rendered":"https:\/\/mobecor.ee\/?post_type=product&#038;p=21682"},"modified":"2026-04-17T07:59:52","modified_gmt":"2026-04-17T04:59:52","slug":"nurgadiivanvoodi-phonix-2n2","status":"publish","type":"product","link":"https:\/\/mobecor.ee\/en\/toode\/nurgadiivanvoodi-phonix-2n2\/","title":{"rendered":"Nurgadiivanvoodi Phonix 2N2 (255\/255) kangas 0 gr."},"content":{"rendered":"<p>Karkass on valmistatud oksavabast kuivast kodumaisest okaspuidust, lisaks on kasutatud kasevineeri ja puitkiudplaati.<br \/>\nDiivani istumise osa ja k\u00e4etugede sisemise k\u00fclje katteks on kangas.<br \/>\nK\u00e4etugede v\u00e4lisk\u00fcljed, esipaneel ja tagasein on kaetud kangaga.<br \/>\nIstmes on kasutatud sik- sak vedrustust.<br \/>\nIstme ja seljatoe patjade sisuks on poroloon ja kerakiud.<br \/>\nDiivani tagak\u00fclg on viimistletud, saab paigutada keset tuba.<br \/>\nDiivani jalgadev\u00e4rv on valitav.<\/p>\n","protected":false},"excerpt":{"rendered":"<p>Laius:\u00a0255 cm.<br \/>\nS\u00fcgavus:\u00a0255 cm.<br \/>\nK\u00f5rgus:\u00a095 cm.<br \/>\nJalad: 5,3 cm.<br \/>\nMagamiskoht: 120 x 190 cm.<br \/>\nTarneaeg: 4-8 n\u00e4dalat.<br \/>\nSuuremat kangavalikut n\u00e4eb Mobecori m\u00f6\u00f6blipoes V\u00f5rus.<\/p>\n","protected":false},"featured_media":9564,"template":"","meta":{"_acf_changed":false,"inline_featured_image":false},"series":[],"product_brand":[3505],"product_cat":[213],"product_tag":[],"class_list":{"0":"post-21682","1":"product","2":"type-product","3":"status-publish","4":"has-post-thumbnail","6":"product_brand-empak","7":"product_cat-nurgadiivanid","9":"first","10":"instock","11":"taxable","12":"shipping-taxable","13":"purchasable","14":"product-type-simple"},"acf":[],"_links":{"self":[{"href":"https:\/\/mobecor.ee\/en\/wp-json\/wp\/v2\/product\/21682","targetHints":{"allow":["GET"]}}],"collection":[{"href":"https:\/\/mobecor.ee\/en\/wp-json\/wp\/v2\/product"}],"about":[{"href":"https:\/\/mobecor.ee\/en\/wp-json\/wp\/v2\/types\/product"}],"wp:featuredmedia":[{"embeddable":true,"href":"https:\/\/mobecor.ee\/en\/wp-json\/wp\/v2\/media\/9564"}],"wp:attachment":[{"href":"https:\/\/mobecor.ee\/en\/wp-json\/wp\/v2\/media?parent=21682"}],"wp:term":[{"taxonomy":"series","embeddable":true,"href":"https:\/\/mobecor.ee\/en\/wp-json\/wp\/v2\/series?post=21682"},{"taxonomy":"product_brand","embeddable":true,"href":"https:\/\/mobecor.ee\/en\/wp-json\/wp\/v2\/product_brand?post=21682"},{"taxonomy":"product_cat","embeddable":true,"href":"https:\/\/mobecor.ee\/en\/wp-json\/wp\/v2\/product_cat?post=21682"},{"taxonomy":"product_tag","embeddable":true,"href":"https:\/\/mobecor.ee\/en\/wp-json\/wp\/v2\/product_tag?post=21682"}],"curies":[{"name":"wp","href":"https:\/\/api.w.org\/{rel}","templated":true}]}}