{"id":21696,"date":"2025-05-05T12:06:14","date_gmt":"2025-05-05T12:06:14","guid":{"rendered":"https:\/\/mobecor.ee\/?post_type=product&#038;p=21696"},"modified":"2025-09-16T13:41:57","modified_gmt":"2025-09-16T10:41:57","slug":"soogilaud-fondi-o80","status":"publish","type":"product","link":"https:\/\/mobecor.ee\/en\/toode\/soogilaud-fondi-o80\/","title":{"rendered":"S\u00f6\u00f6gilaud Fondi (\u00f8 80)"},"content":{"rendered":"<p><span style=\"font-size: 14px;\">Materjal: lauaplaat &#8211; lakitud MDF; jalad &#8211; pulberv\u00e4rvitud teras.<br \/>\nV\u00e4rvivalik: must; valge.<br \/>\nToodetud: Poolas.<br \/>\nVajab kokku monteerimist.<\/span><br \/>\n<span style=\"line-height: 1.3em; font-size: 10pt;\"><br \/>\n<\/span><\/p>\n","protected":false},"excerpt":{"rendered":"<p><span style=\"line-height: 1.3em; font-size: 14px;\">Lauaplaadi l\u00e4bim\u00f5\u00f5t:\u00a080 cm.<br \/>\nK\u00f5rgus:\u00a075<\/span><span style=\"line-height: 1.3em; font-size: 10pt;\"><span style=\"font-size: 14px;\">\u00a0cm.<\/span><br \/>\n<span style=\"font-size: 14px;\">Tarneaeg: 4-8 n\u00e4dalat.<\/span><br \/>\n<span style=\"font-size: 14px;\">NB! Pildil olevad toolid ei kuulu hinna sisse.<\/span><\/span><\/p>\n","protected":false},"featured_media":9592,"template":"","meta":{"_acf_changed":false,"inline_featured_image":false},"series":[],"product_brand":[2942],"product_cat":[219],"product_tag":[],"class_list":{"0":"post-21696","1":"product","2":"type-product","3":"status-publish","4":"has-post-thumbnail","6":"product_brand-halmar","7":"product_cat-soogilauad","9":"first","10":"instock","11":"taxable","12":"shipping-taxable","13":"purchasable","14":"product-type-variable"},"acf":[],"_links":{"self":[{"href":"https:\/\/mobecor.ee\/en\/wp-json\/wp\/v2\/product\/21696","targetHints":{"allow":["GET"]}}],"collection":[{"href":"https:\/\/mobecor.ee\/en\/wp-json\/wp\/v2\/product"}],"about":[{"href":"https:\/\/mobecor.ee\/en\/wp-json\/wp\/v2\/types\/product"}],"wp:featuredmedia":[{"embeddable":true,"href":"https:\/\/mobecor.ee\/en\/wp-json\/wp\/v2\/media\/9592"}],"wp:attachment":[{"href":"https:\/\/mobecor.ee\/en\/wp-json\/wp\/v2\/media?parent=21696"}],"wp:term":[{"taxonomy":"series","embeddable":true,"href":"https:\/\/mobecor.ee\/en\/wp-json\/wp\/v2\/series?post=21696"},{"taxonomy":"product_brand","embeddable":true,"href":"https:\/\/mobecor.ee\/en\/wp-json\/wp\/v2\/product_brand?post=21696"},{"taxonomy":"product_cat","embeddable":true,"href":"https:\/\/mobecor.ee\/en\/wp-json\/wp\/v2\/product_cat?post=21696"},{"taxonomy":"product_tag","embeddable":true,"href":"https:\/\/mobecor.ee\/en\/wp-json\/wp\/v2\/product_tag?post=21696"}],"curies":[{"name":"wp","href":"https:\/\/api.w.org\/{rel}","templated":true}]}}