{"id":21697,"date":"2025-05-05T12:06:18","date_gmt":"2025-05-05T12:06:18","guid":{"rendered":"https:\/\/mobecor.ee\/?post_type=product&#038;p=21697"},"modified":"2025-09-16T13:11:57","modified_gmt":"2025-09-16T10:11:57","slug":"soogilaud-avelar-o120","status":"publish","type":"product","link":"https:\/\/mobecor.ee\/en\/toode\/soogilaud-avelar-o120\/","title":{"rendered":"S\u00f6\u00f6gilaud Avelar (\u00f8 120)"},"content":{"rendered":"<p><span style=\"font-size: 10pt;\">Materjal: lauaplaat &#8211; klaas\/lakitud MDF; jalad &#8211; pulberv\u00e4rvitud teras.<br \/>\nV\u00e4rv: lauaplaat &#8211; must\/valge; jalad &#8211; must.<br \/>\n<\/span><span style=\"font-size: 10pt;\">Toodetud: Poolas.<br \/>\nVajab kokku monteerimist.<\/span><br \/>\n<span style=\"line-height: 1.3em; font-size: 10pt;\"><br \/>\n<\/span><\/p>\n","protected":false},"excerpt":{"rendered":"<p><span style=\"line-height: 1.3em; font-size: 10pt;\">Lauaplaadi l\u00e4bim\u00f5\u00f5t:\u00a0120 cm.<br \/>\nK\u00f5rgus:\u00a076<\/span><span style=\"line-height: 1.3em; font-size: 10pt;\">\u00a0cm.<br \/>\nTarneaeg: 4-8 n\u00e4dalat.<br \/>\nNB! Pildil olevad toolid ei kuulu hinna sisse.<\/span><\/p>\n","protected":false},"featured_media":9594,"template":"","meta":{"_acf_changed":false,"inline_featured_image":false},"series":[],"product_brand":[2942],"product_cat":[219],"product_tag":[],"class_list":{"0":"post-21697","1":"product","2":"type-product","3":"status-publish","4":"has-post-thumbnail","6":"product_brand-halmar","7":"product_cat-soogilauad","9":"first","10":"instock","11":"taxable","12":"shipping-taxable","13":"purchasable","14":"product-type-simple"},"acf":[],"_links":{"self":[{"href":"https:\/\/mobecor.ee\/en\/wp-json\/wp\/v2\/product\/21697","targetHints":{"allow":["GET"]}}],"collection":[{"href":"https:\/\/mobecor.ee\/en\/wp-json\/wp\/v2\/product"}],"about":[{"href":"https:\/\/mobecor.ee\/en\/wp-json\/wp\/v2\/types\/product"}],"wp:featuredmedia":[{"embeddable":true,"href":"https:\/\/mobecor.ee\/en\/wp-json\/wp\/v2\/media\/9594"}],"wp:attachment":[{"href":"https:\/\/mobecor.ee\/en\/wp-json\/wp\/v2\/media?parent=21697"}],"wp:term":[{"taxonomy":"series","embeddable":true,"href":"https:\/\/mobecor.ee\/en\/wp-json\/wp\/v2\/series?post=21697"},{"taxonomy":"product_brand","embeddable":true,"href":"https:\/\/mobecor.ee\/en\/wp-json\/wp\/v2\/product_brand?post=21697"},{"taxonomy":"product_cat","embeddable":true,"href":"https:\/\/mobecor.ee\/en\/wp-json\/wp\/v2\/product_cat?post=21697"},{"taxonomy":"product_tag","embeddable":true,"href":"https:\/\/mobecor.ee\/en\/wp-json\/wp\/v2\/product_tag?post=21697"}],"curies":[{"name":"wp","href":"https:\/\/api.w.org\/{rel}","templated":true}]}}