{"id":21732,"date":"2025-05-05T12:09:16","date_gmt":"2025-05-05T12:09:16","guid":{"rendered":"https:\/\/mobecor.ee\/?post_type=product&#038;p=21732"},"modified":"2026-03-12T12:15:19","modified_gmt":"2026-03-12T10:15:19","slug":"vedrumadrats-air-xl","status":"publish","type":"product","link":"https:\/\/mobecor.ee\/en\/toode\/vedrumadrats-air-xl\/","title":{"rendered":"Vedrumadrats Air XL"},"content":{"rendered":"<p>\u00dchepoolne Pocket-vedrustusega madrats, mille puhul on k\u00f5ik vedrud pakitud eraldi riidest kottidesse.<br \/>\nSelline vedruploki disain tagab keha \u00fchtlase kaalujaotuse, andes madratsile suurep\u00e4rased ortopeedilised omadused.<br \/>\nVedruplokk on tugevdatud metallraamiga.<br \/>\n3D riba tagab suurep\u00e4rase \u00f5huringluse madratsi sees, v\u00e4ltides niiskuse kogunemist.<br \/>\nSobiv madrats k\u00f5igile, kellele meeldib magada veidi j\u00e4igal pinnal.<br \/>\nMadratsi t\u00e4idismaterjal: m\u00f6\u00f6bli poroloon (vahtpol\u00fcuretaan) on v\u00e4hen\u00f5udlik, antiallergiline materjal, \u00fcks levinumaid madratsite t\u00f6\u00f6stuses.<br \/>\nToodetud: L\u00e4tis.<\/p>\n<p>&nbsp;<\/p>\n","protected":false},"excerpt":{"rendered":"<p>Madratsi k\u00f5rgus: 28 cm.<br \/>\nLaiused: 80; 90; 120; 140; 160; 180 cm<br \/>\nS\u00fcgavus: 200 cm.<br \/>\nTarneaeg: kuni 4 n\u00e4dalat.<span style=\"font-size: 10pt;\"><br \/>\n<\/span><\/p>\n","protected":false},"featured_media":9466,"template":"","meta":{"_acf_changed":false,"inline_featured_image":false},"series":[],"product_brand":[2858],"product_cat":[337],"product_tag":[],"class_list":{"0":"post-21732","1":"product","2":"type-product","3":"status-publish","4":"has-post-thumbnail","6":"product_brand-sendeko","7":"product_cat-sendeko-vedrumadratsid","9":"first","10":"instock","11":"taxable","12":"shipping-taxable","13":"purchasable","14":"product-type-variable"},"acf":[],"_links":{"self":[{"href":"https:\/\/mobecor.ee\/en\/wp-json\/wp\/v2\/product\/21732","targetHints":{"allow":["GET"]}}],"collection":[{"href":"https:\/\/mobecor.ee\/en\/wp-json\/wp\/v2\/product"}],"about":[{"href":"https:\/\/mobecor.ee\/en\/wp-json\/wp\/v2\/types\/product"}],"wp:featuredmedia":[{"embeddable":true,"href":"https:\/\/mobecor.ee\/en\/wp-json\/wp\/v2\/media\/9466"}],"wp:attachment":[{"href":"https:\/\/mobecor.ee\/en\/wp-json\/wp\/v2\/media?parent=21732"}],"wp:term":[{"taxonomy":"series","embeddable":true,"href":"https:\/\/mobecor.ee\/en\/wp-json\/wp\/v2\/series?post=21732"},{"taxonomy":"product_brand","embeddable":true,"href":"https:\/\/mobecor.ee\/en\/wp-json\/wp\/v2\/product_brand?post=21732"},{"taxonomy":"product_cat","embeddable":true,"href":"https:\/\/mobecor.ee\/en\/wp-json\/wp\/v2\/product_cat?post=21732"},{"taxonomy":"product_tag","embeddable":true,"href":"https:\/\/mobecor.ee\/en\/wp-json\/wp\/v2\/product_tag?post=21732"}],"curies":[{"name":"wp","href":"https:\/\/api.w.org\/{rel}","templated":true}]}}