{"id":21733,"date":"2025-05-05T12:09:22","date_gmt":"2025-05-05T12:09:22","guid":{"rendered":"https:\/\/mobecor.ee\/?post_type=product&#038;p=21733"},"modified":"2026-03-27T12:27:53","modified_gmt":"2026-03-27T10:27:53","slug":"vedrumadrats-air-active","status":"publish","type":"product","link":"https:\/\/mobecor.ee\/en\/toode\/vedrumadrats-air-active\/","title":{"rendered":"Vedrumadrats Air Active"},"content":{"rendered":"<p>Keskmise tugevusega kahepoolne (\u00fcmberp\u00f6\u00f6ratav) madrats.<br \/>\nVedustus: 7-tsooniline Pocket vedrustus.<br \/>\nSelline vedruploki disain tagab \u00fchtlase kehakaalu jaotuse, andes madratsile t\u00e4iendavaid ortopeedilisi omadusi.<br \/>\nMadratsi m\u00f5lemad pooled on kaetud AIR-FOAM-iga ehk pol\u00fcuretaanvahust polstriga, mis on l\u00f5igatud spetsiaalsesse reljeefi, mida on tunda madratsil lamades.<br \/>\nNaturaalsest kookoskiust kihid, mis on vedruploki ja AIR-FOAM vahel, lisavad tugevust ning takistavad niiskuse kogunemist ja tolmulestade kasvu madratsis.<br \/>\n3D riba tagab suurep\u00e4rase \u00f5huringluse pealismadratsi sees, v\u00e4ltides niiskuse kogunemist.<br \/>\nMadrats sobib aktiivse elustiiliga inimestele, kes hindavad mugavat und.<br \/>\nKattekangas: eriti pehme SPUN niidiga trikotaa\u017e.<br \/>\nToodetud: L\u00e4tis.<\/p>\n","protected":false},"excerpt":{"rendered":"<p>Madratsi k\u00f5rgus: 25 cm.<br \/>\nLaiused: 80; 90; 120; 140; 160; 180 cm<br \/>\nS\u00fcgavus: 200 cm.<br \/>\nTarneaeg: kuni 4 n\u00e4dalat.<br \/>\n<strong>NB! Laos kohe olemas m\u00f5\u00f5duga: 160*200; 180*200.<\/strong><\/p>\n","protected":false},"featured_media":9468,"template":"","meta":{"_acf_changed":false,"inline_featured_image":false},"series":[],"product_brand":[2858],"product_cat":[2934,337],"product_tag":[],"class_list":{"0":"post-21733","1":"product","2":"type-product","3":"status-publish","4":"has-post-thumbnail","6":"product_brand-sendeko","7":"product_cat-voodid-ja-madratsid-laos","8":"product_cat-sendeko-vedrumadratsid","10":"first","11":"instock","12":"taxable","13":"shipping-taxable","14":"purchasable","15":"product-type-variable"},"acf":[],"_links":{"self":[{"href":"https:\/\/mobecor.ee\/en\/wp-json\/wp\/v2\/product\/21733","targetHints":{"allow":["GET"]}}],"collection":[{"href":"https:\/\/mobecor.ee\/en\/wp-json\/wp\/v2\/product"}],"about":[{"href":"https:\/\/mobecor.ee\/en\/wp-json\/wp\/v2\/types\/product"}],"wp:featuredmedia":[{"embeddable":true,"href":"https:\/\/mobecor.ee\/en\/wp-json\/wp\/v2\/media\/9468"}],"wp:attachment":[{"href":"https:\/\/mobecor.ee\/en\/wp-json\/wp\/v2\/media?parent=21733"}],"wp:term":[{"taxonomy":"series","embeddable":true,"href":"https:\/\/mobecor.ee\/en\/wp-json\/wp\/v2\/series?post=21733"},{"taxonomy":"product_brand","embeddable":true,"href":"https:\/\/mobecor.ee\/en\/wp-json\/wp\/v2\/product_brand?post=21733"},{"taxonomy":"product_cat","embeddable":true,"href":"https:\/\/mobecor.ee\/en\/wp-json\/wp\/v2\/product_cat?post=21733"},{"taxonomy":"product_tag","embeddable":true,"href":"https:\/\/mobecor.ee\/en\/wp-json\/wp\/v2\/product_tag?post=21733"}],"curies":[{"name":"wp","href":"https:\/\/api.w.org\/{rel}","templated":true}]}}