{"id":21734,"date":"2025-05-05T12:09:28","date_gmt":"2025-05-05T12:09:28","guid":{"rendered":"https:\/\/mobecor.ee\/?post_type=product&#038;p=21734"},"modified":"2026-03-27T12:27:26","modified_gmt":"2026-03-27T10:27:26","slug":"vedrumadrats-air-combi","status":"publish","type":"product","link":"https:\/\/mobecor.ee\/en\/toode\/vedrumadrats-air-combi\/","title":{"rendered":"Vedrumadrats Air Combi"},"content":{"rendered":"<p>Kahepoolne, keskmiselt pehme madrats.<br \/>\n\u00dchel pool lateks, teisel pool Air Foam.<br \/>\n7-tsooniline Pocket vedrustus.<br \/>\nSelline vedruploki disain tagab kehakaalu \u00fchtlase jaotumise, andes madratsile silmapaistvad ortopeedilised omadused.<br \/>\nNendel vedrudel on eriline disain, mis loob parima toe nendes kehapiirkondades, kus seda anatoomiliselt k\u00f5ige rohkem vaja on.<br \/>\nVedruploki m\u00f5lemad pooled on kaetud k\u00f5rgtehnoloogilise HR pol\u00fcuretaanvahu kihtidega ning viimistletud \u00fchelt poolt Latex Convoluted ja teiselt poolt AIR-FOAM-iga.<br \/>\nNeed on spetsiaalse reljeefiga lateksi- ja pol\u00fcuretaanvahukihid, mis annavad une ajal massaa\u017eiefekti.<br \/>\n3D-riba tagab suurep\u00e4rase \u00f5huringluse madratsi sees, v\u00e4ltides niiskuse kogunemist.<br \/>\nSee madrats on hea valik inimesele, kes hindab kvaliteetset und.<br \/>\nKattekangas: eriti pehme SPUN niidiga trikotaa\u017e.<br \/>\nToodetud: L\u00e4tis.<span style=\"font-size: 10pt;\"><br \/>\n<\/span><\/p>\n","protected":false},"excerpt":{"rendered":"<p>Madratsi k\u00f5rgus: 25 cm.<br \/>\nLaiused: 80; 90; 120; 140; 160; 180 cm<br \/>\nS\u00fcgavus: 200 cm.<br \/>\nTarneaeg: kuni 4 n\u00e4dalat.<\/p>\n","protected":false},"featured_media":9470,"template":"","meta":{"_acf_changed":false,"inline_featured_image":false},"series":[],"product_brand":[2858],"product_cat":[337],"product_tag":[],"class_list":{"0":"post-21734","1":"product","2":"type-product","3":"status-publish","4":"has-post-thumbnail","6":"product_brand-sendeko","7":"product_cat-sendeko-vedrumadratsid","9":"first","10":"instock","11":"taxable","12":"shipping-taxable","13":"purchasable","14":"product-type-variable"},"acf":[],"_links":{"self":[{"href":"https:\/\/mobecor.ee\/en\/wp-json\/wp\/v2\/product\/21734","targetHints":{"allow":["GET"]}}],"collection":[{"href":"https:\/\/mobecor.ee\/en\/wp-json\/wp\/v2\/product"}],"about":[{"href":"https:\/\/mobecor.ee\/en\/wp-json\/wp\/v2\/types\/product"}],"wp:featuredmedia":[{"embeddable":true,"href":"https:\/\/mobecor.ee\/en\/wp-json\/wp\/v2\/media\/9470"}],"wp:attachment":[{"href":"https:\/\/mobecor.ee\/en\/wp-json\/wp\/v2\/media?parent=21734"}],"wp:term":[{"taxonomy":"series","embeddable":true,"href":"https:\/\/mobecor.ee\/en\/wp-json\/wp\/v2\/series?post=21734"},{"taxonomy":"product_brand","embeddable":true,"href":"https:\/\/mobecor.ee\/en\/wp-json\/wp\/v2\/product_brand?post=21734"},{"taxonomy":"product_cat","embeddable":true,"href":"https:\/\/mobecor.ee\/en\/wp-json\/wp\/v2\/product_cat?post=21734"},{"taxonomy":"product_tag","embeddable":true,"href":"https:\/\/mobecor.ee\/en\/wp-json\/wp\/v2\/product_tag?post=21734"}],"curies":[{"name":"wp","href":"https:\/\/api.w.org\/{rel}","templated":true}]}}