{"id":21736,"date":"2025-05-05T12:09:39","date_gmt":"2025-05-05T12:09:39","guid":{"rendered":"https:\/\/mobecor.ee\/?post_type=product&#038;p=21736"},"modified":"2026-03-27T12:25:58","modified_gmt":"2026-03-27T10:25:58","slug":"vedrumadrats-air-smart","status":"publish","type":"product","link":"https:\/\/mobecor.ee\/en\/toode\/vedrumadrats-air-smart\/","title":{"rendered":"Vedrumadrats Air Smart"},"content":{"rendered":"<p>Kahepoolne,\u00a0 keskmiselt pehme madrats.<br \/>\n7-tsooniline Pocket vedrustus.<br \/>\nSelline vedruploki disain tagab kehakaalu \u00fchtlase jaotumise, andes madratsile silmapaistvad ortopeedilised omadused.<br \/>\nNendel vedrudel on eriline disain, mis loob parima toe nendes kehapiirkondades, kus seda anatoomiliselt k\u00f5ige rohkem vaja on.<br \/>\nVedruploki m\u00f5lemad pooled on kaetud k\u00f5rgtehnoloogilise HR pol\u00fcuretaanvahu kihtidega ja viimistletud AIR-FOAM-iga.<br \/>\nNeed on spetsiaalse reljeefiga kihid ja pol\u00fcuretaanvaht, mis annavad une ajal massaa\u017eiefekti.<br \/>\n3D-riba tagab suurep\u00e4rase \u00f5huringluse madratsi sees, v\u00e4ltides niiskuse kogunemist.<br \/>\nMadrats sobib kvaliteetset und hindavale ja aktiivse eluviisiga inimestele.<br \/>\nKattekangas: eriti pehme SPUN niidiga trikotaa\u017e.<br \/>\nToodetud: L\u00e4tis.<\/p>\n","protected":false},"excerpt":{"rendered":"<p>Madratsi k\u00f5rgus: 25 cm.<br \/>\nLaiused: 80; 90; 120; 140; 160; 180 cm<br \/>\nS\u00fcgavus: 200 cm.<br \/>\nTarneaeg: kuni 4 n\u00e4dalat.<\/p>\n","protected":false},"featured_media":9474,"template":"","meta":{"_acf_changed":false,"inline_featured_image":false},"series":[],"product_brand":[2858],"product_cat":[337],"product_tag":[],"class_list":{"0":"post-21736","1":"product","2":"type-product","3":"status-publish","4":"has-post-thumbnail","6":"product_brand-sendeko","7":"product_cat-sendeko-vedrumadratsid","9":"first","10":"instock","11":"taxable","12":"shipping-taxable","13":"purchasable","14":"product-type-variable"},"acf":[],"_links":{"self":[{"href":"https:\/\/mobecor.ee\/en\/wp-json\/wp\/v2\/product\/21736","targetHints":{"allow":["GET"]}}],"collection":[{"href":"https:\/\/mobecor.ee\/en\/wp-json\/wp\/v2\/product"}],"about":[{"href":"https:\/\/mobecor.ee\/en\/wp-json\/wp\/v2\/types\/product"}],"wp:featuredmedia":[{"embeddable":true,"href":"https:\/\/mobecor.ee\/en\/wp-json\/wp\/v2\/media\/9474"}],"wp:attachment":[{"href":"https:\/\/mobecor.ee\/en\/wp-json\/wp\/v2\/media?parent=21736"}],"wp:term":[{"taxonomy":"series","embeddable":true,"href":"https:\/\/mobecor.ee\/en\/wp-json\/wp\/v2\/series?post=21736"},{"taxonomy":"product_brand","embeddable":true,"href":"https:\/\/mobecor.ee\/en\/wp-json\/wp\/v2\/product_brand?post=21736"},{"taxonomy":"product_cat","embeddable":true,"href":"https:\/\/mobecor.ee\/en\/wp-json\/wp\/v2\/product_cat?post=21736"},{"taxonomy":"product_tag","embeddable":true,"href":"https:\/\/mobecor.ee\/en\/wp-json\/wp\/v2\/product_tag?post=21736"}],"curies":[{"name":"wp","href":"https:\/\/api.w.org\/{rel}","templated":true}]}}