{"id":21737,"date":"2025-05-05T12:09:45","date_gmt":"2025-05-05T12:09:45","guid":{"rendered":"https:\/\/mobecor.ee\/?post_type=product&#038;p=21737"},"modified":"2026-03-27T12:25:33","modified_gmt":"2026-03-27T10:25:33","slug":"kattemadrats-air-top-memory","status":"publish","type":"product","link":"https:\/\/mobecor.ee\/en\/toode\/kattemadrats-air-top-memory\/","title":{"rendered":"Kattemadrats Air Top Memory"},"content":{"rendered":"<p>Keskmiselt pehme kattemadrats.<br \/>\nKattemadrats koosneb 2 osast &#8211; k\u00f5rgtehnoloogilisest vahtpol\u00fcuretaanist (2 cm), mis on enim kasutatav materjal erinevate magamiss\u00fcsteemide jaoks ning memory foam (3 cm), mis kohandub ideaalselt kehakujuga, maandab pingeid kaela- ja seljapiirkonnas ning tagab mugav ja tervislik uni.<br \/>\n3D perforeeritud riba tagab suurep\u00e4rase \u00f5huringluse madratsi sees, v\u00e4ltides niiskuse kogunemist.<br \/>\nSee kattemadrats on kindlasti lemmik aktiivse elustiili harrastajate seas ja inimestele, kes hindavad mugavat und pehmematel pindadel.<br \/>\nMadratsi k\u00f5rgus: 80 mm.<br \/>\nKattekangas: eriti pehme SPUN niidiga trikotaa\u017e.<br \/>\nToodetud: L\u00e4tis.<\/p>\n","protected":false},"excerpt":{"rendered":"<p>Kattemadratsi k\u00f5rgus: 8 cm.<br \/>\nLaiused: 80; 90; 120; 140; 160 ja 180 cm.<br \/>\nTarneaeg: kuni 4 n\u00e4dalat.<\/p>\n","protected":false},"featured_media":9476,"template":"","meta":{"_acf_changed":false,"inline_featured_image":false},"series":[],"product_brand":[2858],"product_cat":[389],"product_tag":[],"class_list":{"0":"post-21737","1":"product","2":"type-product","3":"status-publish","4":"has-post-thumbnail","6":"product_brand-sendeko","7":"product_cat-sendeko-kattemadratsid","9":"first","10":"instock","11":"taxable","12":"shipping-taxable","13":"purchasable","14":"product-type-variable"},"acf":[],"_links":{"self":[{"href":"https:\/\/mobecor.ee\/en\/wp-json\/wp\/v2\/product\/21737","targetHints":{"allow":["GET"]}}],"collection":[{"href":"https:\/\/mobecor.ee\/en\/wp-json\/wp\/v2\/product"}],"about":[{"href":"https:\/\/mobecor.ee\/en\/wp-json\/wp\/v2\/types\/product"}],"wp:featuredmedia":[{"embeddable":true,"href":"https:\/\/mobecor.ee\/en\/wp-json\/wp\/v2\/media\/9476"}],"wp:attachment":[{"href":"https:\/\/mobecor.ee\/en\/wp-json\/wp\/v2\/media?parent=21737"}],"wp:term":[{"taxonomy":"series","embeddable":true,"href":"https:\/\/mobecor.ee\/en\/wp-json\/wp\/v2\/series?post=21737"},{"taxonomy":"product_brand","embeddable":true,"href":"https:\/\/mobecor.ee\/en\/wp-json\/wp\/v2\/product_brand?post=21737"},{"taxonomy":"product_cat","embeddable":true,"href":"https:\/\/mobecor.ee\/en\/wp-json\/wp\/v2\/product_cat?post=21737"},{"taxonomy":"product_tag","embeddable":true,"href":"https:\/\/mobecor.ee\/en\/wp-json\/wp\/v2\/product_tag?post=21737"}],"curies":[{"name":"wp","href":"https:\/\/api.w.org\/{rel}","templated":true}]}}