{"id":21739,"date":"2025-05-05T12:10:00","date_gmt":"2025-05-05T12:10:00","guid":{"rendered":"https:\/\/mobecor.ee\/?post_type=product&#038;p=21739"},"modified":"2026-03-27T12:24:03","modified_gmt":"2026-03-27T10:24:03","slug":"kattemadrats-air-top-classic","status":"publish","type":"product","link":"https:\/\/mobecor.ee\/en\/toode\/kattemadrats-air-top-classic\/","title":{"rendered":"Kattemadrats Air Top Classic"},"content":{"rendered":"<p>Massaa\u017eiefektiga keskmise tugevusega kattemadrats.<br \/>\nKattemadrats koosneb 2 t\u00fc\u00fcpi pol\u00fcuretaanvahust &#8211; k\u00f5rgtehnoloogilisest vahtpol\u00fcuretaanist (2 cm), mis on enim kasutatud erinevate magamiss\u00fcsteemide jaoks ja AIR-FOAM (3 cm) &#8211; pol\u00fcuretaanvahtpadjast, millel on eriline reljeef, mida on tunda lamades.<br \/>\n3D-riba tagab suurep\u00e4rase \u00f5huringluse kattemadratsi sees, v\u00e4ltides niiskuse kogunemist.<br \/>\nSee kattemadrats on kindlasti lemmik inimestele, kes hindavad kvaliteetset und.<br \/>\nKattekangas: eriti pehme SPUN niidiga trikotaa\u017e.<br \/>\nToodetud: L\u00e4tis.<span style=\"font-size: 10pt;\"><br \/>\n<\/span><\/p>\n","protected":false},"excerpt":{"rendered":"<p>Kattemadratsi k\u00f5rgus: 8 cm.<br \/>\nLaiused: 80; 90; 120; 140 ja 180 cm.<br \/>\nTarneaeg: kuni 4 n\u00e4dalat.<\/p>\n","protected":false},"featured_media":9480,"template":"","meta":{"_acf_changed":false,"inline_featured_image":false},"series":[],"product_brand":[2858],"product_cat":[389],"product_tag":[],"class_list":{"0":"post-21739","1":"product","2":"type-product","3":"status-publish","4":"has-post-thumbnail","6":"product_brand-sendeko","7":"product_cat-sendeko-kattemadratsid","9":"first","10":"instock","11":"taxable","12":"shipping-taxable","13":"purchasable","14":"product-type-variable"},"acf":[],"_links":{"self":[{"href":"https:\/\/mobecor.ee\/en\/wp-json\/wp\/v2\/product\/21739","targetHints":{"allow":["GET"]}}],"collection":[{"href":"https:\/\/mobecor.ee\/en\/wp-json\/wp\/v2\/product"}],"about":[{"href":"https:\/\/mobecor.ee\/en\/wp-json\/wp\/v2\/types\/product"}],"wp:featuredmedia":[{"embeddable":true,"href":"https:\/\/mobecor.ee\/en\/wp-json\/wp\/v2\/media\/9480"}],"wp:attachment":[{"href":"https:\/\/mobecor.ee\/en\/wp-json\/wp\/v2\/media?parent=21739"}],"wp:term":[{"taxonomy":"series","embeddable":true,"href":"https:\/\/mobecor.ee\/en\/wp-json\/wp\/v2\/series?post=21739"},{"taxonomy":"product_brand","embeddable":true,"href":"https:\/\/mobecor.ee\/en\/wp-json\/wp\/v2\/product_brand?post=21739"},{"taxonomy":"product_cat","embeddable":true,"href":"https:\/\/mobecor.ee\/en\/wp-json\/wp\/v2\/product_cat?post=21739"},{"taxonomy":"product_tag","embeddable":true,"href":"https:\/\/mobecor.ee\/en\/wp-json\/wp\/v2\/product_tag?post=21739"}],"curies":[{"name":"wp","href":"https:\/\/api.w.org\/{rel}","templated":true}]}}