{"id":21752,"date":"2025-05-05T12:10:26","date_gmt":"2025-05-05T12:10:26","guid":{"rendered":"https:\/\/mobecor.ee\/?post_type=product&#038;p=21752"},"modified":"2026-04-20T07:02:49","modified_gmt":"2026-04-20T04:02:49","slug":"nurgadiivanvoodi-nora-4xl","status":"publish","type":"product","link":"https:\/\/mobecor.ee\/en\/toode\/nurgadiivanvoodi-nora-4xl\/","title":{"rendered":"Nurgadiivanvoodi Nora 4XL (316\/225) II gr."},"content":{"rendered":"<p>Nurgadiivanvoodi karkass on valmistatud kasepuidust ja kasevineerist.<br \/>\nSeljatoepatjade katted on luku abil eemaldatavad.<br \/>\nPatjade t\u00e4idiseks on poroloonkiu segu.<br \/>\nIstmepatjade t\u00e4idis on poroloon (8 cm).<br \/>\nNurgadiivanvoodil on sik-sak vedrustus.<br \/>\nV\u00e4ljaulatuva nurgaosa all on\u00a0mahukas pesukast.<br \/>\nNurgadiivan sobib paigutamiseks keset tuba. Tagumine k\u00fclg on viimistletud.<br \/>\nJalad on kasepuidust.<br \/>\nNurgadiivani katteks on kangas.<span style=\"font-size: 10pt; line-height: 1.3em;\"><br \/>\n<\/span><\/p>\n","protected":false},"excerpt":{"rendered":"<p>Laius: 316 cm.<br \/>\nS\u00fcgavus: 225 cm.<br \/>\nK\u00f5rgus 90 cm (koos patjadega), istumisosa k\u00f5rgus on 46 cm.<br \/>\nMagamiskoht: 148 x 270,5 cm.<br \/>\nToodetud: Eestis.<br \/>\nTarneaeg: 4-8 n\u00e4dalat.<br \/>\nSuuremat kangavalikut n\u00e4eb Mobecori m\u00f6\u00f6blipoodides V\u00f5rus ja Tartus.<\/p>\n","protected":false},"featured_media":9506,"template":"","meta":{"_acf_changed":false,"inline_featured_image":false},"series":[],"product_brand":[3080],"product_cat":[213],"product_tag":[],"class_list":{"0":"post-21752","1":"product","2":"type-product","3":"status-publish","4":"has-post-thumbnail","6":"product_brand-tarmeko","7":"product_cat-nurgadiivanid","9":"first","10":"instock","11":"taxable","12":"shipping-taxable","13":"purchasable","14":"product-type-simple"},"acf":[],"_links":{"self":[{"href":"https:\/\/mobecor.ee\/en\/wp-json\/wp\/v2\/product\/21752","targetHints":{"allow":["GET"]}}],"collection":[{"href":"https:\/\/mobecor.ee\/en\/wp-json\/wp\/v2\/product"}],"about":[{"href":"https:\/\/mobecor.ee\/en\/wp-json\/wp\/v2\/types\/product"}],"wp:featuredmedia":[{"embeddable":true,"href":"https:\/\/mobecor.ee\/en\/wp-json\/wp\/v2\/media\/9506"}],"wp:attachment":[{"href":"https:\/\/mobecor.ee\/en\/wp-json\/wp\/v2\/media?parent=21752"}],"wp:term":[{"taxonomy":"series","embeddable":true,"href":"https:\/\/mobecor.ee\/en\/wp-json\/wp\/v2\/series?post=21752"},{"taxonomy":"product_brand","embeddable":true,"href":"https:\/\/mobecor.ee\/en\/wp-json\/wp\/v2\/product_brand?post=21752"},{"taxonomy":"product_cat","embeddable":true,"href":"https:\/\/mobecor.ee\/en\/wp-json\/wp\/v2\/product_cat?post=21752"},{"taxonomy":"product_tag","embeddable":true,"href":"https:\/\/mobecor.ee\/en\/wp-json\/wp\/v2\/product_tag?post=21752"}],"curies":[{"name":"wp","href":"https:\/\/api.w.org\/{rel}","templated":true}]}}