{"id":21754,"date":"2025-05-05T12:10:39","date_gmt":"2025-05-05T12:10:39","guid":{"rendered":"https:\/\/mobecor.ee\/?post_type=product&#038;p=21754"},"modified":"2026-04-20T07:02:22","modified_gmt":"2026-04-20T04:02:22","slug":"nurgadiivanvoodi-anneli-igr","status":"publish","type":"product","link":"https:\/\/mobecor.ee\/en\/toode\/nurgadiivanvoodi-anneli-igr\/","title":{"rendered":"Nurgadiivanvoodi Anneli (308\/206) kangas I gr."},"content":{"rendered":"<p>Nurgadiivanvoodi karkass on valmistatud kasepuidust ja kasevineerist.<br \/>\nSeljatoepatjade katted on luku abil eemaldatavad.<br \/>\nPatjade t\u00e4idiseks on poroloonkiu segu.<br \/>\nIstmepatjade t\u00e4idis on HR poroloon.<br \/>\nV\u00e4ljaulatuva nurgaosa all on\u00a0mahukas pesukast.<br \/>\nJalad on kasepuidust.<br \/>\nNurgadiivani katteks on kangas.<span style=\"font-size: 10pt; line-height: 1.3em;\"><br \/>\n<\/span><\/p>\n","protected":false},"excerpt":{"rendered":"<p>Laius:\u00a0308 cm.<br \/>\nS\u00fcgavus:\u00a092\/206 cm.<br \/>\nIstumiss\u00fcgavus: 62 cm.<br \/>\nK\u00f5rgus\u00a086 cm, istumisosa k\u00f5rgus on\u00a039 cm.<br \/>\nMagamiskoht: 148 x 258 cm.<br \/>\nToodetud: Eestis.<br \/>\nTarneaeg: 4-8 n\u00e4dalat.<br \/>\nToode tarnitakse osadena.<br \/>\nSuuremat kangavalikut n\u00e4eb Mobecori m\u00f6\u00f6blipoodides V\u00f5rus ja Tartus.<\/p>\n<p>&nbsp;<\/p>\n","protected":false},"featured_media":77494,"template":"","meta":{"_acf_changed":false,"inline_featured_image":false},"series":[],"product_brand":[3080],"product_cat":[213],"product_tag":[],"class_list":{"0":"post-21754","1":"product","2":"type-product","3":"status-publish","4":"has-post-thumbnail","6":"product_brand-tarmeko","7":"product_cat-nurgadiivanid","9":"first","10":"instock","11":"taxable","12":"shipping-taxable","13":"purchasable","14":"product-type-simple"},"acf":[],"_links":{"self":[{"href":"https:\/\/mobecor.ee\/en\/wp-json\/wp\/v2\/product\/21754","targetHints":{"allow":["GET"]}}],"collection":[{"href":"https:\/\/mobecor.ee\/en\/wp-json\/wp\/v2\/product"}],"about":[{"href":"https:\/\/mobecor.ee\/en\/wp-json\/wp\/v2\/types\/product"}],"wp:featuredmedia":[{"embeddable":true,"href":"https:\/\/mobecor.ee\/en\/wp-json\/wp\/v2\/media\/77494"}],"wp:attachment":[{"href":"https:\/\/mobecor.ee\/en\/wp-json\/wp\/v2\/media?parent=21754"}],"wp:term":[{"taxonomy":"series","embeddable":true,"href":"https:\/\/mobecor.ee\/en\/wp-json\/wp\/v2\/series?post=21754"},{"taxonomy":"product_brand","embeddable":true,"href":"https:\/\/mobecor.ee\/en\/wp-json\/wp\/v2\/product_brand?post=21754"},{"taxonomy":"product_cat","embeddable":true,"href":"https:\/\/mobecor.ee\/en\/wp-json\/wp\/v2\/product_cat?post=21754"},{"taxonomy":"product_tag","embeddable":true,"href":"https:\/\/mobecor.ee\/en\/wp-json\/wp\/v2\/product_tag?post=21754"}],"curies":[{"name":"wp","href":"https:\/\/api.w.org\/{rel}","templated":true}]}}