{"id":21755,"date":"2025-05-05T12:10:45","date_gmt":"2025-05-05T12:10:45","guid":{"rendered":"https:\/\/mobecor.ee\/?post_type=product&#038;p=21755"},"modified":"2026-04-20T07:02:09","modified_gmt":"2026-04-20T04:02:09","slug":"diivanvoodi-ronny-2-ne","status":"publish","type":"product","link":"https:\/\/mobecor.ee\/en\/toode\/diivanvoodi-ronny-2-ne\/","title":{"rendered":"Diivanvoodi Ronny 2-ne (177 cm) kangas I gr."},"content":{"rendered":"<p>2-kohaline diivanvoodi, mis avaneb ette.<br \/>\nV\u00f5imalik avada vaid 1 pool.<br \/>\nDiivanvoodi\u00a0karkass on valmistatud kasepuidust ja kasevineerist.<br \/>\nVedrustus: sik-sak, pehmenduseks on poroloon.<br \/>\nJalad on kasepuidust.<br \/>\nDiivanvoodi katteks on kangas.<span style=\"font-size: 10pt; line-height: 1.3em;\"><br \/>\n<\/span><\/p>\n","protected":false},"excerpt":{"rendered":"<p>Laius:\u00a0177 cm.<br \/>\nS\u00fcgavus:\u00a085 cm.<br \/>\nIstumiss\u00fcgavus:\u00a055 cm.<br \/>\nK\u00f5rgus\u00a088 cm.<br \/>\nMagamiskoht: 148 x 200 cm.<br \/>\nToodetud: Eestis.<br \/>\nTarneaeg: 4-8 n\u00e4dalat.<br \/>\nSuuremat kangavalikut n\u00e4eb Mobecori m\u00f6\u00f6blipoodides V\u00f5rus ja Tartus.<\/p>\n","protected":false},"featured_media":9512,"template":"","meta":{"_acf_changed":false,"inline_featured_image":false},"series":[],"product_brand":[3080],"product_cat":[195],"product_tag":[],"class_list":{"0":"post-21755","1":"product","2":"type-product","3":"status-publish","4":"has-post-thumbnail","6":"product_brand-tarmeko","7":"product_cat-diivanvoodid","9":"first","10":"instock","11":"taxable","12":"shipping-taxable","13":"purchasable","14":"product-type-simple"},"acf":[],"_links":{"self":[{"href":"https:\/\/mobecor.ee\/en\/wp-json\/wp\/v2\/product\/21755","targetHints":{"allow":["GET"]}}],"collection":[{"href":"https:\/\/mobecor.ee\/en\/wp-json\/wp\/v2\/product"}],"about":[{"href":"https:\/\/mobecor.ee\/en\/wp-json\/wp\/v2\/types\/product"}],"wp:featuredmedia":[{"embeddable":true,"href":"https:\/\/mobecor.ee\/en\/wp-json\/wp\/v2\/media\/9512"}],"wp:attachment":[{"href":"https:\/\/mobecor.ee\/en\/wp-json\/wp\/v2\/media?parent=21755"}],"wp:term":[{"taxonomy":"series","embeddable":true,"href":"https:\/\/mobecor.ee\/en\/wp-json\/wp\/v2\/series?post=21755"},{"taxonomy":"product_brand","embeddable":true,"href":"https:\/\/mobecor.ee\/en\/wp-json\/wp\/v2\/product_brand?post=21755"},{"taxonomy":"product_cat","embeddable":true,"href":"https:\/\/mobecor.ee\/en\/wp-json\/wp\/v2\/product_cat?post=21755"},{"taxonomy":"product_tag","embeddable":true,"href":"https:\/\/mobecor.ee\/en\/wp-json\/wp\/v2\/product_tag?post=21755"}],"curies":[{"name":"wp","href":"https:\/\/api.w.org\/{rel}","templated":true}]}}