{"id":21853,"date":"2025-05-05T12:19:06","date_gmt":"2025-05-05T12:19:06","guid":{"rendered":"https:\/\/mobecor.ee\/?post_type=product&#038;p=21853"},"modified":"2026-02-13T08:43:18","modified_gmt":"2026-02-13T06:43:18","slug":"riidekapp-cali-c-15-199","status":"publish","type":"product","link":"https:\/\/mobecor.ee\/en\/toode\/riidekapp-cali-c-15-199\/","title":{"rendered":"Riidekapp Cali C-15 (199\/60,2\/217)"},"content":{"rendered":"<p>Riidekapil on 2 l\u00fckandust.<br \/>\n\u00dcks uks on kaetud osaliselt peegliga ja osaliselt lamelliga (musta v\u00e4rvi m\u00f6\u00f6bliplaat + MDF\u00a0liistud v\u00e4rviga &#8211; tamm artisan).<br \/>\nRiidekapp on valmistatud lamineeritud m\u00f6\u00f6bliplaadist.<br \/>\nServad:\u00a0ABS.<br \/>\nRiidekapi v\u00e4rv: tamm artisan\/must.<br \/>\nToodetud: Poolas.<br \/>\nToode tarnitakse detailidena.<span style=\"font-size: 10pt;\"><span style=\"line-height: 1.3em;\"><br \/>\n<\/span><\/span><\/p>\n","protected":false},"excerpt":{"rendered":"<p>Laius:\u00a0199 cm.<br \/>\nS\u00fcgavus:\u00a060,2\u00a0cm.<br \/>\nK\u00f5rgus: 217 cm.<br \/>\n<strong>Tarneaeg: laos kohe olemas.<\/strong><\/p>\n","protected":false},"featured_media":9142,"template":"","meta":{"_acf_changed":false,"inline_featured_image":false},"series":[2734],"product_brand":[2946],"product_cat":[94,325,2923],"product_tag":[],"class_list":{"0":"post-21853","1":"product","2":"type-product","3":"status-publish","4":"has-post-thumbnail","6":"series-cali","7":"product_brand-jarstol","8":"product_cat-riidekapid","9":"product_cat-lukandustega-kapid","10":"product_cat-riidekapid-laos","12":"first","13":"instock","14":"taxable","15":"shipping-taxable","16":"purchasable","17":"product-type-simple"},"acf":[],"_links":{"self":[{"href":"https:\/\/mobecor.ee\/en\/wp-json\/wp\/v2\/product\/21853","targetHints":{"allow":["GET"]}}],"collection":[{"href":"https:\/\/mobecor.ee\/en\/wp-json\/wp\/v2\/product"}],"about":[{"href":"https:\/\/mobecor.ee\/en\/wp-json\/wp\/v2\/types\/product"}],"wp:featuredmedia":[{"embeddable":true,"href":"https:\/\/mobecor.ee\/en\/wp-json\/wp\/v2\/media\/9142"}],"wp:attachment":[{"href":"https:\/\/mobecor.ee\/en\/wp-json\/wp\/v2\/media?parent=21853"}],"wp:term":[{"taxonomy":"series","embeddable":true,"href":"https:\/\/mobecor.ee\/en\/wp-json\/wp\/v2\/series?post=21853"},{"taxonomy":"product_brand","embeddable":true,"href":"https:\/\/mobecor.ee\/en\/wp-json\/wp\/v2\/product_brand?post=21853"},{"taxonomy":"product_cat","embeddable":true,"href":"https:\/\/mobecor.ee\/en\/wp-json\/wp\/v2\/product_cat?post=21853"},{"taxonomy":"product_tag","embeddable":true,"href":"https:\/\/mobecor.ee\/en\/wp-json\/wp\/v2\/product_tag?post=21853"}],"curies":[{"name":"wp","href":"https:\/\/api.w.org\/{rel}","templated":true}]}}