{"id":21867,"date":"2025-05-05T12:19:51","date_gmt":"2025-05-05T12:19:51","guid":{"rendered":"https:\/\/mobecor.ee\/?post_type=product&#038;p=21867"},"modified":"2026-02-17T11:27:44","modified_gmt":"2026-02-17T09:27:44","slug":"kirjutuslaud-fribo-frib-01","status":"publish","type":"product","link":"https:\/\/mobecor.ee\/en\/toode\/kirjutuslaud-fribo-frib-01\/","title":{"rendered":"Arvutilaud Fribo FRIB 01 (135,4\/65\/74,9)"},"content":{"rendered":"<p>Arvutilaual on\u00a01 uks ja 1 sahtel.<br \/>\nMaterjal: kvaliteetne ja vastupidav puitlaastplaat.<br \/>\nV\u00e4rvivalik: valge; tamm Ribbeck.<br \/>\nK\u00e4epidemed: k\u00e4epidemeteta s\u00fcsteem.<br \/>\nSahtel: avaneb l\u00f5puni.<br \/>\nToode tarnitakse detailidena.<br \/>\nToodetud: Poolas.<\/p>\n","protected":false},"excerpt":{"rendered":"<p>Laius: 135,4 cm.<br \/>\nS\u00fcgavus: 65 cm.<br \/>\nK\u00f5rgus: 74,9 cm.<br \/>\nTarneaeg:\u00a04-8 n\u00e4dalat.<\/p>\n","protected":false},"featured_media":9170,"template":"","meta":{"_acf_changed":false,"inline_featured_image":false},"series":[2751],"product_brand":[2939],"product_cat":[97],"product_tag":[],"class_list":{"0":"post-21867","1":"product","2":"type-product","3":"status-publish","4":"has-post-thumbnail","6":"series-fribo","7":"product_brand-extom","8":"product_cat-kirjutuslauad","10":"first","11":"instock","12":"taxable","13":"shipping-taxable","14":"purchasable","15":"product-type-variable"},"acf":[],"_links":{"self":[{"href":"https:\/\/mobecor.ee\/en\/wp-json\/wp\/v2\/product\/21867","targetHints":{"allow":["GET"]}}],"collection":[{"href":"https:\/\/mobecor.ee\/en\/wp-json\/wp\/v2\/product"}],"about":[{"href":"https:\/\/mobecor.ee\/en\/wp-json\/wp\/v2\/types\/product"}],"wp:featuredmedia":[{"embeddable":true,"href":"https:\/\/mobecor.ee\/en\/wp-json\/wp\/v2\/media\/9170"}],"wp:attachment":[{"href":"https:\/\/mobecor.ee\/en\/wp-json\/wp\/v2\/media?parent=21867"}],"wp:term":[{"taxonomy":"series","embeddable":true,"href":"https:\/\/mobecor.ee\/en\/wp-json\/wp\/v2\/series?post=21867"},{"taxonomy":"product_brand","embeddable":true,"href":"https:\/\/mobecor.ee\/en\/wp-json\/wp\/v2\/product_brand?post=21867"},{"taxonomy":"product_cat","embeddable":true,"href":"https:\/\/mobecor.ee\/en\/wp-json\/wp\/v2\/product_cat?post=21867"},{"taxonomy":"product_tag","embeddable":true,"href":"https:\/\/mobecor.ee\/en\/wp-json\/wp\/v2\/product_tag?post=21867"}],"curies":[{"name":"wp","href":"https:\/\/api.w.org\/{rel}","templated":true}]}}