{"id":21879,"date":"2025-05-05T12:20:11","date_gmt":"2025-05-05T12:20:11","guid":{"rendered":"https:\/\/mobecor.ee\/?post_type=product&#038;p=21879"},"modified":"2026-02-17T11:25:23","modified_gmt":"2026-02-17T09:25:23","slug":"vitriinkapp-fribo-friv-01-tamm-ribbeck","status":"publish","type":"product","link":"https:\/\/mobecor.ee\/en\/toode\/vitriinkapp-fribo-friv-01-tamm-ribbeck\/","title":{"rendered":"Vitriinkapp Fribo FRIV 01 (tamm Ribbeck)"},"content":{"rendered":"<p>Vitriinkapil on 1 uks ja 3 sahtlit.<br \/>\nUks on osaliselt\u00a0klaasiga.<br \/>\nUkse taga on klaasist riiulid, millele on v\u00f5imalik lisavalikuna juurde osta led valgustus.<br \/>\nMaterjal: kvaliteetne ja vastupidav puitlaastplaat + klaas.<br \/>\nV\u00e4rv: tamm Ribbeck.<br \/>\nK\u00e4epidemed: k\u00e4epidemeteta s\u00fcsteem.<br \/>\nToode tarnitakse detailidena.<br \/>\nToodetud: Poolas.<\/p>\n","protected":false},"excerpt":{"rendered":"<p>Laius:\u00a050,1 cm.<br \/>\nS\u00fcgavus:\u00a040 cm.<br \/>\nK\u00f5rgus:\u00a0200 cm.<br \/>\nTarneaeg:\u00a04-8 n\u00e4dalat.<\/p>\n","protected":false},"featured_media":75226,"template":"","meta":{"_acf_changed":false,"inline_featured_image":false},"series":[2751],"product_brand":[2939],"product_cat":[33],"product_tag":[],"class_list":{"0":"post-21879","1":"product","2":"type-product","3":"status-publish","4":"has-post-thumbnail","6":"series-fribo","7":"product_brand-extom","8":"product_cat-vitriinid","10":"first","11":"instock","12":"taxable","13":"shipping-taxable","14":"purchasable","15":"product-type-variable"},"acf":[],"_links":{"self":[{"href":"https:\/\/mobecor.ee\/en\/wp-json\/wp\/v2\/product\/21879","targetHints":{"allow":["GET"]}}],"collection":[{"href":"https:\/\/mobecor.ee\/en\/wp-json\/wp\/v2\/product"}],"about":[{"href":"https:\/\/mobecor.ee\/en\/wp-json\/wp\/v2\/types\/product"}],"wp:featuredmedia":[{"embeddable":true,"href":"https:\/\/mobecor.ee\/en\/wp-json\/wp\/v2\/media\/75226"}],"wp:attachment":[{"href":"https:\/\/mobecor.ee\/en\/wp-json\/wp\/v2\/media?parent=21879"}],"wp:term":[{"taxonomy":"series","embeddable":true,"href":"https:\/\/mobecor.ee\/en\/wp-json\/wp\/v2\/series?post=21879"},{"taxonomy":"product_brand","embeddable":true,"href":"https:\/\/mobecor.ee\/en\/wp-json\/wp\/v2\/product_brand?post=21879"},{"taxonomy":"product_cat","embeddable":true,"href":"https:\/\/mobecor.ee\/en\/wp-json\/wp\/v2\/product_cat?post=21879"},{"taxonomy":"product_tag","embeddable":true,"href":"https:\/\/mobecor.ee\/en\/wp-json\/wp\/v2\/product_tag?post=21879"}],"curies":[{"name":"wp","href":"https:\/\/api.w.org\/{rel}","templated":true}]}}