{"id":21883,"date":"2025-05-05T12:20:19","date_gmt":"2025-05-05T12:20:19","guid":{"rendered":"https:\/\/mobecor.ee\/?post_type=product&#038;p=21883"},"modified":"2026-02-17T11:24:33","modified_gmt":"2026-02-17T09:24:33","slug":"kirjutuslaud-fribo-frib-03-valge","status":"publish","type":"product","link":"https:\/\/mobecor.ee\/en\/toode\/kirjutuslaud-fribo-frib-03-valge\/","title":{"rendered":"Kirjutuslaud Fribo FRIB 03 (110\/65\/75)"},"content":{"rendered":"<p>Kirjutuslaual on 2 sahtlit.<br \/>\nMaterjal: kvaliteetne ja vastupidav puitlaastplaat.<br \/>\nV\u00e4rvivalik: valge; tamm Ribbeck.<br \/>\nK\u00e4epidemed: k\u00e4epidemeteta s\u00fcsteem.<br \/>\nSahtlid: avanevad l\u00f5puni.<br \/>\nToode tarnitakse detailidena.<br \/>\nToodetud: Poolas.<\/p>\n","protected":false},"excerpt":{"rendered":"<p>Laius:\u00a0110 cm.<br \/>\nS\u00fcgavus: 65 cm.<br \/>\nK\u00f5rgus: 75 cm.<br \/>\nTarneaeg:\u00a04-8 n\u00e4dalat.<\/p>\n","protected":false},"featured_media":9202,"template":"","meta":{"_acf_changed":false,"inline_featured_image":false},"series":[2751],"product_brand":[2939],"product_cat":[97],"product_tag":[],"class_list":{"0":"post-21883","1":"product","2":"type-product","3":"status-publish","4":"has-post-thumbnail","6":"series-fribo","7":"product_brand-extom","8":"product_cat-kirjutuslauad","10":"first","11":"instock","12":"taxable","13":"shipping-taxable","14":"purchasable","15":"product-type-variable"},"acf":[],"_links":{"self":[{"href":"https:\/\/mobecor.ee\/en\/wp-json\/wp\/v2\/product\/21883","targetHints":{"allow":["GET"]}}],"collection":[{"href":"https:\/\/mobecor.ee\/en\/wp-json\/wp\/v2\/product"}],"about":[{"href":"https:\/\/mobecor.ee\/en\/wp-json\/wp\/v2\/types\/product"}],"wp:featuredmedia":[{"embeddable":true,"href":"https:\/\/mobecor.ee\/en\/wp-json\/wp\/v2\/media\/9202"}],"wp:attachment":[{"href":"https:\/\/mobecor.ee\/en\/wp-json\/wp\/v2\/media?parent=21883"}],"wp:term":[{"taxonomy":"series","embeddable":true,"href":"https:\/\/mobecor.ee\/en\/wp-json\/wp\/v2\/series?post=21883"},{"taxonomy":"product_brand","embeddable":true,"href":"https:\/\/mobecor.ee\/en\/wp-json\/wp\/v2\/product_brand?post=21883"},{"taxonomy":"product_cat","embeddable":true,"href":"https:\/\/mobecor.ee\/en\/wp-json\/wp\/v2\/product_cat?post=21883"},{"taxonomy":"product_tag","embeddable":true,"href":"https:\/\/mobecor.ee\/en\/wp-json\/wp\/v2\/product_tag?post=21883"}],"curies":[{"name":"wp","href":"https:\/\/api.w.org\/{rel}","templated":true}]}}