{"id":21887,"date":"2025-05-05T12:20:35","date_gmt":"2025-05-05T12:20:35","guid":{"rendered":"https:\/\/mobecor.ee\/?post_type=product&#038;p=21887"},"modified":"2026-02-17T11:23:49","modified_gmt":"2026-02-17T09:23:49","slug":"nurgariidekapp-fribo-fris-05-valge","status":"publish","type":"product","link":"https:\/\/mobecor.ee\/en\/toode\/nurgariidekapp-fribo-fris-05-valge\/","title":{"rendered":"Nurgariidekapp Fribo FRIS 05 (95\/95\/220)"},"content":{"rendered":"<p>Nurgariidekapil on 2 ust.<br \/>\nMaterjal: kvaliteetne ja vastupidav puitlaastplaat.<br \/>\nV\u00e4rvivalik: valge; tamm Ribbeck.<br \/>\nK\u00e4epidemed: k\u00e4epidemeteta s\u00fcsteem.<br \/>\nToode tarnitakse detailidena.<br \/>\nToodetud: Poolas.<\/p>\n","protected":false},"excerpt":{"rendered":"<p>Laius: 95 cm.<br \/>\nK\u00f5rgus:\u00a0220 cm.<br \/>\nS\u00fcgavus:\u00a095 cm.<br \/>\nTarneaeg:\u00a04-8 n\u00e4dalat.<\/p>\n","protected":false},"featured_media":75178,"template":"","meta":{"_acf_changed":false,"inline_featured_image":false},"series":[2751],"product_brand":[2939],"product_cat":[327],"product_tag":[],"class_list":{"0":"post-21887","1":"product","2":"type-product","3":"status-publish","4":"has-post-thumbnail","6":"series-fribo","7":"product_brand-extom","8":"product_cat-2-uksega-kapid","10":"first","11":"instock","12":"taxable","13":"shipping-taxable","14":"purchasable","15":"product-type-variable"},"acf":[],"_links":{"self":[{"href":"https:\/\/mobecor.ee\/en\/wp-json\/wp\/v2\/product\/21887","targetHints":{"allow":["GET"]}}],"collection":[{"href":"https:\/\/mobecor.ee\/en\/wp-json\/wp\/v2\/product"}],"about":[{"href":"https:\/\/mobecor.ee\/en\/wp-json\/wp\/v2\/types\/product"}],"wp:featuredmedia":[{"embeddable":true,"href":"https:\/\/mobecor.ee\/en\/wp-json\/wp\/v2\/media\/75178"}],"wp:attachment":[{"href":"https:\/\/mobecor.ee\/en\/wp-json\/wp\/v2\/media?parent=21887"}],"wp:term":[{"taxonomy":"series","embeddable":true,"href":"https:\/\/mobecor.ee\/en\/wp-json\/wp\/v2\/series?post=21887"},{"taxonomy":"product_brand","embeddable":true,"href":"https:\/\/mobecor.ee\/en\/wp-json\/wp\/v2\/product_brand?post=21887"},{"taxonomy":"product_cat","embeddable":true,"href":"https:\/\/mobecor.ee\/en\/wp-json\/wp\/v2\/product_cat?post=21887"},{"taxonomy":"product_tag","embeddable":true,"href":"https:\/\/mobecor.ee\/en\/wp-json\/wp\/v2\/product_tag?post=21887"}],"curies":[{"name":"wp","href":"https:\/\/api.w.org\/{rel}","templated":true}]}}