{"id":21888,"date":"2025-05-05T12:20:39","date_gmt":"2025-05-05T12:20:39","guid":{"rendered":"https:\/\/mobecor.ee\/?post_type=product&#038;p=21888"},"modified":"2026-01-20T14:57:51","modified_gmt":"2026-01-20T12:57:51","slug":"voodi-fribo-friz-05-valge-140","status":"publish","type":"product","link":"https:\/\/mobecor.ee\/en\/toode\/voodi-fribo-friz-05-valge-140\/","title":{"rendered":"Voodi Fribo FRIZ 05 (140*200)"},"content":{"rendered":"<p>Pesukastiga voodi.<br \/>\nVoodi p\u00f5hi on \u00fclest\u00f5stetava mehhanismiga.<br \/>\nVoodile sobib madrats m\u00f5\u00f5tudes 140 x 200 cm.<br \/>\nNB! Madrats ei kuulu komplekti!<br \/>\nMaterjal: kvaliteetne ja vastupidav puitlaastplaat.<br \/>\nV\u00e4rvivalik: valge; tamm Ribbeck.<br \/>\nToode tarnitakse detailidena.<br \/>\nToodetud: Poolas.<\/p>\n","protected":false},"excerpt":{"rendered":"<p>Laius:\u00a0146,6 cm.<br \/>\nK\u00f5rgus:\u00a085,3\u00a0cm.<br \/>\nS\u00fcgavus:\u00a0206,2 cm.<br \/>\nTarneaeg:\u00a04-8 n\u00e4dalat.<\/p>\n","protected":false},"featured_media":9212,"template":"","meta":{"_acf_changed":false,"inline_featured_image":false},"series":[2751],"product_brand":[2939],"product_cat":[4015],"product_tag":[],"class_list":{"0":"post-21888","1":"product","2":"type-product","3":"status-publish","4":"has-post-thumbnail","6":"series-fribo","7":"product_brand-extom","8":"product_cat-voodid-140-x-200","10":"first","11":"instock","12":"taxable","13":"shipping-taxable","14":"purchasable","15":"product-type-simple"},"acf":[],"_links":{"self":[{"href":"https:\/\/mobecor.ee\/en\/wp-json\/wp\/v2\/product\/21888","targetHints":{"allow":["GET"]}}],"collection":[{"href":"https:\/\/mobecor.ee\/en\/wp-json\/wp\/v2\/product"}],"about":[{"href":"https:\/\/mobecor.ee\/en\/wp-json\/wp\/v2\/types\/product"}],"wp:featuredmedia":[{"embeddable":true,"href":"https:\/\/mobecor.ee\/en\/wp-json\/wp\/v2\/media\/9212"}],"wp:attachment":[{"href":"https:\/\/mobecor.ee\/en\/wp-json\/wp\/v2\/media?parent=21888"}],"wp:term":[{"taxonomy":"series","embeddable":true,"href":"https:\/\/mobecor.ee\/en\/wp-json\/wp\/v2\/series?post=21888"},{"taxonomy":"product_brand","embeddable":true,"href":"https:\/\/mobecor.ee\/en\/wp-json\/wp\/v2\/product_brand?post=21888"},{"taxonomy":"product_cat","embeddable":true,"href":"https:\/\/mobecor.ee\/en\/wp-json\/wp\/v2\/product_cat?post=21888"},{"taxonomy":"product_tag","embeddable":true,"href":"https:\/\/mobecor.ee\/en\/wp-json\/wp\/v2\/product_tag?post=21888"}],"curies":[{"name":"wp","href":"https:\/\/api.w.org\/{rel}","templated":true}]}}